{"id":3116,"date":"2024-10-24T12:45:45","date_gmt":"2024-10-24T09:45:45","guid":{"rendered":"https:\/\/nextstep.ro\/ecotic\/"},"modified":"2024-12-04T10:41:07","modified_gmt":"2024-12-04T08:41:07","slug":"ecotic","status":"publish","type":"page","link":"https:\/\/nextstep.ro\/ro\/ecotic\/","title":{"rendered":"Ecotic"},"content":{"rendered":"\t\t<div data-elementor-type=\"wp-page\" data-elementor-id=\"3116\" class=\"elementor elementor-3116 elementor-2237\" data-elementor-post-type=\"page\">\n\t\t\t\t<div class=\"elementor-element elementor-element-e4d2692 e-con-full e-flex e-con e-parent\" data-id=\"e4d2692\" data-element_type=\"container\" data-e-type=\"container\">\n\t\t<div class=\"elementor-element elementor-element-5890afa e-con-full e-flex e-con e-child\" data-id=\"5890afa\" data-element_type=\"container\" data-e-type=\"container\">\n\t\t\t\t<div class=\"elementor-element elementor-element-f162f6d elementor-widget elementor-widget-image\" data-id=\"f162f6d\" data-element_type=\"widget\" data-e-type=\"widget\" data-widget_type=\"image.default\">\n\t\t\t\t<div class=\"elementor-widget-container\">\n\t\t\t\t\t\t\t\t\t\t\t\t\t\t\t<img fetchpriority=\"high\" decoding=\"async\" width=\"300\" height=\"300\" src=\"https:\/\/nextstep.ro\/wp-content\/uploads\/2024\/09\/Ecotic-300x300.png\" class=\"attachment-medium size-medium wp-image-1145\" alt=\"\" srcset=\"https:\/\/nextstep.ro\/wp-content\/uploads\/2024\/09\/Ecotic-300x300.png 300w, https:\/\/nextstep.ro\/wp-content\/uploads\/2024\/09\/Ecotic-1024x1024.png 1024w, https:\/\/nextstep.ro\/wp-content\/uploads\/2024\/09\/Ecotic-150x150.png 150w, https:\/\/nextstep.ro\/wp-content\/uploads\/2024\/09\/Ecotic-768x768.png 768w, https:\/\/nextstep.ro\/wp-content\/uploads\/2024\/09\/Ecotic-600x600.png 600w, https:\/\/nextstep.ro\/wp-content\/uploads\/2024\/09\/Ecotic-100x100.png 100w, https:\/\/nextstep.ro\/wp-content\/uploads\/2024\/09\/elementor\/thumbs\/Ecotic-qxyta21do8k2a0ya2x6gkxz2yjokvjlc65mffohrkg.png 200w, https:\/\/nextstep.ro\/wp-content\/uploads\/2024\/09\/Ecotic.png 1080w\" sizes=\"(max-width: 300px) 100vw, 300px\" \/>\t\t\t\t\t\t\t\t\t\t\t\t\t\t\t<\/div>\n\t\t\t\t<\/div>\n\t\t\t\t<\/div>\n\t\t<div class=\"elementor-element elementor-element-9008565 e-con-full e-flex e-con e-child\" data-id=\"9008565\" data-element_type=\"container\" data-e-type=\"container\">\n\t\t\t\t<div class=\"elementor-element elementor-element-b42427d elementor-widget elementor-widget-heading\" data-id=\"b42427d\" data-element_type=\"widget\" data-e-type=\"widget\" data-widget_type=\"heading.default\">\n\t\t\t\t<div class=\"elementor-widget-container\">\n\t\t\t\t\t<h1 class=\"elementor-heading-title elementor-size-default\">Ecotic<\/h1>\t\t\t\t<\/div>\n\t\t\t\t<\/div>\n\t\t\t\t<div class=\"elementor-element elementor-element-7a4e7d6 elementor-widget elementor-widget-text-editor\" data-id=\"7a4e7d6\" data-element_type=\"widget\" data-e-type=\"widget\" data-widget_type=\"text-editor.default\">\n\t\t\t\t<div class=\"elementor-widget-container\">\n\t\t\t\t\t\t\t\t\t<p>ECOTIC este prima organiza\u021bie de produc\u0103tori \u0219i importatori de echipamente electrice \u0219i electronice (EEE) din Rom\u00e2nia, \u00eenfiin\u021bat\u0103 \u00een 2006 cu scopul de a aduce mai mult\u0103 eficien\u021b\u0103, unitate \u0219i omogenitate responsabilit\u0103\u021bilor lor de mediu.<\/p><p>V\u0103 invit\u0103m s\u0103 vizita\u021bi site-ul ECOTIC la <a href=\"http:\/\/www.ecotic.ro\" target=\"_blank\" rel=\"noopener\">www.ecotic.ro<\/a> pentru a fi la curent cu ceea ce se \u00eent\u00e2mpl\u0103 \u00een domeniul colect\u0103rii \u0219i recicl\u0103rii DEEE \u0219i DBA, \u0219i pentru a afla unde sunt situate cele mai apropiate puncte de colectare.<\/p>\t\t\t\t\t\t\t\t<\/div>\n\t\t\t\t<\/div>\n\t\t\t\t<\/div>\n\t\t\t\t<\/div>\n\t\t\t\t<\/div>\n\t\t","protected":false},"excerpt":{"rendered":"<p>Ecotic ECOTIC este prima organiza\u021bie de produc\u0103tori \u0219i importatori de echipamente electrice \u0219i electronice (EEE) din Rom\u00e2nia, \u00eenfiin\u021bat\u0103 \u00een 2006 cu scopul de a aduce mai mult\u0103 eficien\u021b\u0103, unitate \u0219i omogenitate responsabilit\u0103\u021bilor lor de mediu. V\u0103 invit\u0103m s\u0103 vizita\u021bi site-ul ECOTIC la www.ecotic.ro pentru a fi la curent cu ceea ce se \u00eent\u00e2mpl\u0103 \u00een domeniul [&hellip;]<\/p>\n","protected":false},"author":1,"featured_media":0,"parent":0,"menu_order":0,"comment_status":"closed","ping_status":"closed","template":"","meta":{"give_campaign_id":0,"inline_featured_image":false,"footnotes":""},"class_list":["post-3116","page","type-page","status-publish","hentry"],"campaignId":"","_links":{"self":[{"href":"https:\/\/nextstep.ro\/ro\/wp-json\/wp\/v2\/pages\/3116","targetHints":{"allow":["GET"]}}],"collection":[{"href":"https:\/\/nextstep.ro\/ro\/wp-json\/wp\/v2\/pages"}],"about":[{"href":"https:\/\/nextstep.ro\/ro\/wp-json\/wp\/v2\/types\/page"}],"author":[{"embeddable":true,"href":"https:\/\/nextstep.ro\/ro\/wp-json\/wp\/v2\/users\/1"}],"replies":[{"embeddable":true,"href":"https:\/\/nextstep.ro\/ro\/wp-json\/wp\/v2\/comments?post=3116"}],"version-history":[{"count":6,"href":"https:\/\/nextstep.ro\/ro\/wp-json\/wp\/v2\/pages\/3116\/revisions"}],"predecessor-version":[{"id":3973,"href":"https:\/\/nextstep.ro\/ro\/wp-json\/wp\/v2\/pages\/3116\/revisions\/3973"}],"wp:attachment":[{"href":"https:\/\/nextstep.ro\/ro\/wp-json\/wp\/v2\/media?parent=3116"}],"curies":[{"name":"wp","href":"https:\/\/api.w.org\/{rel}","templated":true}]}}