{"id":3118,"date":"2024-10-02T11:53:24","date_gmt":"2024-10-02T08:53:24","guid":{"rendered":"https:\/\/nextstep.ro\/buontempo\/"},"modified":"2024-12-04T10:33:35","modified_gmt":"2024-12-04T08:33:35","slug":"buontempo","status":"publish","type":"page","link":"https:\/\/nextstep.ro\/ro\/buontempo\/","title":{"rendered":"Buontempo"},"content":{"rendered":"\t\t<div data-elementor-type=\"wp-page\" data-elementor-id=\"3118\" class=\"elementor elementor-3118 elementor-1557\" data-elementor-post-type=\"page\">\n\t\t\t\t<div class=\"elementor-element elementor-element-c9e09b3 e-con-full e-flex e-con e-parent\" data-id=\"c9e09b3\" data-element_type=\"container\" data-e-type=\"container\">\n\t\t<div class=\"elementor-element elementor-element-4d65b81 e-con-full e-flex e-con e-child\" data-id=\"4d65b81\" data-element_type=\"container\" data-e-type=\"container\">\n\t\t\t\t<div class=\"elementor-element elementor-element-5fef19a elementor-widget elementor-widget-image\" data-id=\"5fef19a\" data-element_type=\"widget\" data-e-type=\"widget\" data-widget_type=\"image.default\">\n\t\t\t\t<div class=\"elementor-widget-container\">\n\t\t\t\t\t\t\t\t\t\t\t\t\t\t\t<img fetchpriority=\"high\" decoding=\"async\" width=\"300\" height=\"300\" src=\"https:\/\/nextstep.ro\/wp-content\/uploads\/2024\/09\/Buontempo-300x300.png\" class=\"attachment-medium size-medium wp-image-512\" alt=\"\" srcset=\"https:\/\/nextstep.ro\/wp-content\/uploads\/2024\/09\/Buontempo-300x300.png 300w, https:\/\/nextstep.ro\/wp-content\/uploads\/2024\/09\/Buontempo-1024x1024.png 1024w, https:\/\/nextstep.ro\/wp-content\/uploads\/2024\/09\/elementor\/thumbs\/Buontempo-qxysu2s4vpad3o306k374xpsw2c4owjr162onmy3bw.png 150w, https:\/\/nextstep.ro\/wp-content\/uploads\/2024\/09\/Buontempo-768x768.png 768w, https:\/\/nextstep.ro\/wp-content\/uploads\/2024\/09\/Buontempo-600x600.png 600w, https:\/\/nextstep.ro\/wp-content\/uploads\/2024\/09\/elementor\/thumbs\/Buontempo-quq0zj310itx05oqsojsp5he3go03yedz0czo6voq0.png 100w, https:\/\/nextstep.ro\/wp-content\/uploads\/2024\/09\/elementor\/thumbs\/Buontempo-quq0zj31bhj0wnq6eerl866zcspwrw7bfyia7jhzqa.png 125w, https:\/\/nextstep.ro\/wp-content\/uploads\/2024\/09\/elementor\/thumbs\/Buontempo-quq0zj31xex8pnt1lv76a7m5vgtq3rt6dusva8qlqu.png 175w, https:\/\/nextstep.ro\/wp-content\/uploads\/2024\/09\/elementor\/thumbs\/Buontempo-qxysu2s5hmokwo5ve0is6z4zeqfy0s5lz2d9qc6pcg.png 200w, https:\/\/nextstep.ro\/wp-content\/uploads\/2024\/09\/Buontempo.png 1080w\" sizes=\"(max-width: 300px) 100vw, 300px\" \/>\t\t\t\t\t\t\t\t\t\t\t\t\t\t\t<\/div>\n\t\t\t\t<\/div>\n\t\t\t\t<\/div>\n\t\t<div class=\"elementor-element elementor-element-e75afa8 e-con-full e-flex e-con e-child\" data-id=\"e75afa8\" data-element_type=\"container\" data-e-type=\"container\">\n\t\t\t\t<div class=\"elementor-element elementor-element-2904af0 elementor-widget elementor-widget-heading\" data-id=\"2904af0\" data-element_type=\"widget\" data-e-type=\"widget\" data-widget_type=\"heading.default\">\n\t\t\t\t<div class=\"elementor-widget-container\">\n\t\t\t\t\t<h1 class=\"elementor-heading-title elementor-size-default\">Buontempo<\/h1>\t\t\t\t<\/div>\n\t\t\t\t<\/div>\n\t\t\t\t<div class=\"elementor-element elementor-element-cd06de0 elementor-widget elementor-widget-text-editor\" data-id=\"cd06de0\" data-element_type=\"widget\" data-e-type=\"widget\" data-widget_type=\"text-editor.default\">\n\t\t\t\t<div class=\"elementor-widget-container\">\n\t\t\t\t\t\t\t\t\t<p><b>Produse Roma Food\u00a0<\/b><\/p><p><span style=\"font-weight: 400;\">\u00cenc\u0103 din 1953, Roma a \u00eenceput ca un mic produc\u0103tor de paste, care a fost ulterior achizi\u021bionat \u00een 1984 de familia Buontempo. Ei au \u00eenceput apoi o nou\u0103 afacere, pionierat de alimente alternative cu cereale care s-a extins de-a lungul deceniilor la o afacere de produc\u021bie la scar\u0103 larg\u0103 cu sediul \u00een suburbiile de sud-est din Melbourne.<\/span><\/p><p><span style=\"font-weight: 400;\">De la \u00eenceputuri umile, Roma a devenit unul dintre cei mai mari produc\u0103tori f\u0103r\u0103 alergeni din emisfera sudic\u0103.<\/span><\/p><p><span style=\"font-weight: 400;\">Roma Food Products este un produc\u0103tor de alimente de top pe mai multe categorii, pe baz\u0103 de plante, f\u0103r\u0103 gluten \u0219i alergeni.<\/span><\/p><p><span style=\"font-weight: 400;\">\u00centruc\u00e2t 1 din 10 copii dezvolt\u0103 o alergie \u00eenainte de prima zi de na\u0219tere, Roma joac\u0103 un rol esen\u021bial \u00een via\u021ba multor familii \u0219i consumatori asigur\u00e2ndu-le acces la op\u021biuni alimentare sigure \u0219i delicioase.<\/span><\/p><p><span style=\"font-weight: 400;\">Misiunea Roma este de a crea alimente grozave pentru o via\u021b\u0103 mai s\u0103n\u0103toas\u0103. \u00cen sprijinul acestei misiuni, Roma este o organiza\u021bie condus\u0103 de valori, sus\u021binut\u0103 de un angajament fa\u021b\u0103 de oamenii s\u0103i, de s\u0103n\u0103tatea \u0219i bun\u0103starea comunit\u0103\u021bii noastre \u0219i de a fi m\u00e2ndri de mo\u0219tenirea noastr\u0103 care se \u00eentinde pe aproape \u0219apte decenii.<\/span><\/p><p><b>Buontempo<\/b><\/p><p><span style=\"font-weight: 400;\">Marca de \u00eencredere pentru paste f\u0103r\u0103 gluten pe care australienii o cunosc \u0219i o iubesc.<\/span><\/p>\t\t\t\t\t\t\t\t<\/div>\n\t\t\t\t<\/div>\n\t\t\t\t<\/div>\n\t\t\t\t<\/div>\n\t\t\t\t<\/div>\n\t\t","protected":false},"excerpt":{"rendered":"<p>Buontempo Produse Roma Food\u00a0 \u00cenc\u0103 din 1953, Roma a \u00eenceput ca un mic produc\u0103tor de paste, care a fost ulterior achizi\u021bionat \u00een 1984 de familia Buontempo. Ei au \u00eenceput apoi o nou\u0103 afacere, pionierat de alimente alternative cu cereale care s-a extins de-a lungul deceniilor la o afacere de produc\u021bie la scar\u0103 larg\u0103 cu sediul [&hellip;]<\/p>\n","protected":false},"author":1,"featured_media":0,"parent":0,"menu_order":0,"comment_status":"closed","ping_status":"closed","template":"","meta":{"give_campaign_id":0,"inline_featured_image":false,"footnotes":""},"class_list":["post-3118","page","type-page","status-publish","hentry"],"campaignId":"","_links":{"self":[{"href":"https:\/\/nextstep.ro\/ro\/wp-json\/wp\/v2\/pages\/3118","targetHints":{"allow":["GET"]}}],"collection":[{"href":"https:\/\/nextstep.ro\/ro\/wp-json\/wp\/v2\/pages"}],"about":[{"href":"https:\/\/nextstep.ro\/ro\/wp-json\/wp\/v2\/types\/page"}],"author":[{"embeddable":true,"href":"https:\/\/nextstep.ro\/ro\/wp-json\/wp\/v2\/users\/1"}],"replies":[{"embeddable":true,"href":"https:\/\/nextstep.ro\/ro\/wp-json\/wp\/v2\/comments?post=3118"}],"version-history":[{"count":3,"href":"https:\/\/nextstep.ro\/ro\/wp-json\/wp\/v2\/pages\/3118\/revisions"}],"predecessor-version":[{"id":3946,"href":"https:\/\/nextstep.ro\/ro\/wp-json\/wp\/v2\/pages\/3118\/revisions\/3946"}],"wp:attachment":[{"href":"https:\/\/nextstep.ro\/ro\/wp-json\/wp\/v2\/media?parent=3118"}],"curies":[{"name":"wp","href":"https:\/\/api.w.org\/{rel}","templated":true}]}}