{"id":3128,"date":"2024-10-01T14:42:45","date_gmt":"2024-10-01T14:42:45","guid":{"rendered":"https:\/\/nextstep.ro\/terms-and-conditions\/"},"modified":"2024-11-12T10:32:20","modified_gmt":"2024-11-12T10:32:20","slug":"termeni-si-conditii","status":"publish","type":"page","link":"https:\/\/nextstep.ro\/ro\/termeni-si-conditii\/","title":{"rendered":"Termeni si conditii"},"content":{"rendered":"\t\t<div data-elementor-type=\"wp-page\" data-elementor-id=\"3128\" class=\"elementor elementor-3128 elementor-1275\" data-elementor-post-type=\"page\">\n\t\t\t\t<div class=\"elementor-element elementor-element-88d2f56 e-flex e-con-boxed e-con e-parent\" data-id=\"88d2f56\" data-element_type=\"container\">\n\t\t\t\t\t<div class=\"e-con-inner\">\n\t\t\t\t<div class=\"elementor-element elementor-element-aa53a8c elementor-widget elementor-widget-heading\" data-id=\"aa53a8c\" data-element_type=\"widget\" data-widget_type=\"heading.default\">\n\t\t\t\t<div class=\"elementor-widget-container\">\n\t\t\t<h1 class=\"elementor-heading-title elementor-size-default\">Termeni \u0219i Condi\u021bii de utilizare a site-ului<\/h1>\t\t<\/div>\n\t\t\t\t<\/div>\n\t\t\t\t<div class=\"elementor-element elementor-element-fb69cf0 elementor-widget elementor-widget-text-editor\" data-id=\"fb69cf0\" data-element_type=\"widget\" data-widget_type=\"text-editor.default\">\n\t\t\t\t<div class=\"elementor-widget-container\">\n\t\t\t\t\t\t\t<p><span style=\"color: #000000;\"><strong>I. Despre noi<\/strong><\/span><\/p><p><span style=\"color: #000000;\">Serviciul nextstep.ro este asigurat de Next Step Investments S.R.L., av\u00e2nd sediul \u00een Tudor Vladimirescu nr. 22, Green Gate Office Building, Camera 505, Etajul 5, Bucure\u0219ti, Sector 5, Romania, \u00eenregistrat\u0103 la Registrul Comer\u021bului sub nr. J40\/17915\/2007, av\u00e2nd num\u0103rul de identificare fiscal\u0103 RO22465856, denumit\u0103 \u00een continuare Societatea.<\/span><\/p><p><span style=\"color: #000000;\">Ne pute\u021bi contacta dup\u0103 cum urmeaz\u0103:<\/span><\/p><ul><li><span style=\"color: #000000;\">Prin completarea formularului de contact de pe Site<\/span><\/li><li><span style=\"color: #000000;\">Prin trimiterea unui email la: <a style=\"color: #000000;\" href=\"mailto:office@nextstep.ro\">office@nextstep.ro<\/a><\/span><\/li><\/ul><p>\u00a0<\/p><p><span style=\"color: #000000;\"><strong>II. Despre nextstep.ro<\/strong><\/span><\/p><p><span style=\"color: #000000;\">nextstep.ro este un site de prezentare care ofer\u0103 utilizatorilor s\u0103i posibilitatea de a g\u0103si informa\u021bii legate de marca Next Step Investments \u0219i produsele importate \u0219i distribuite de Next Step Investments. Produsele nu pot fi achizi\u021bionate direct de pe site-ul nextstep.ro, doar din magazinul online shop.nextstep.ro sau prin retaileri autoriza\u021bi \u00een \u021bara cump\u0103r\u0103torului.<\/span><\/p><p><span style=\"color: #000000;\"><strong>III. Proprietatea intelectual\u0103<\/strong><\/span><\/p><p><span style=\"color: #000000;\">Con\u021binutul \u0219i designul nextstep.ro \u0219i orice alt material conexe care v\u0103 este trimis prin e-mail sau furnizat prin orice alte mijloace (de exemplu: articole, design, descrierea produselor \u0219i orice alte materiale) apar\u021bin Companiei \u0219i\/sau colaboratorilor s\u0103i \u2013 atunci c\u00e2nd specificate \u00een mod expres \u2013 (copyright) \u0219i sunt protejate de legisla\u021bia privind proprietatea intelectual\u0103. Nu pute\u021bi utiliza, reproduce sau permite nim\u0103nui s\u0103 utilizeze sau s\u0103 reproduc\u0103 materialele de pe nextstep.ro dac\u0103 nu vi s-a permis \u00een prealabil de c\u0103tre Companie \u00een scris s\u0103 face\u021bi acest lucru.<\/span><\/p><p><span style=\"color: #000000;\">Nu pute\u021bi utiliza cadre sau tehnici de \u00eencadrare (\u00een scopul limbajului HTML) pentru m\u0103rci comerciale, logo-uri sau alte informa\u021bii protejate prin drepturi de autor (inclusiv imagini, texte, interfe\u021be, formulare) apar\u021bin\u00e2nd nextstep.ro dac\u0103 nu a\u021bi fost permis \u00een prealabil de c\u0103tre Companie. \u00een scris s\u0103 fac\u0103 acest lucru.<\/span><\/p><p><span style=\"color: #000000;\">Crearea limitat\u0103, revocabil\u0103 \u0219i neexclusiv\u0103 de hyperlink-uri c\u0103tre pagina de index nextstep.ro este permis\u0103 at\u00e2ta timp c\u00e2t o astfel de ac\u021biune nu prezint\u0103 nextstep.ro ca fiind un serviciu fals, \u00een\u0219el\u0103tor, denigrator sau ofensator. Nu pute\u021bi utiliza marca Next Step sau alte caracteristici grafice sau m\u0103rci comerciale ca parte a hyperlink-urilor dac\u0103 Compania nu v-a permis \u00een prealabil \u00een scris s\u0103 face\u021bi acest lucru<\/span><\/p><p><strong style=\"color: #000000;\">IV.\u00cenregistrarea utilizatorului<\/strong><\/p><p><span style=\"color: #000000;\">Site-ul nextstep.ro poate fi accesat gratuit iar simpla navigare prin paginile sale nu este supus\u0103 \u00eenregistr\u0103rii ca utilizator (crearea unui cont de utilizator pe Site). Navigarea site-ului nextstep.ro ca utilizator necesit\u0103 acceptarea prealabil\u0103 a Termenilor \u0219i Condi\u021biilor sale de utilizare \u0219i a Politicii de confiden\u021bialitate. Aceste reguli formeaz\u0103 baza contractual\u0103 pentru rela\u021biile dintre utilizatori \u0219i Companie. Deoarece prevederile Termenilor \u0219i Condi\u021biilor de utilizare \u0219i ale Politicii de confiden\u021bialitate pot fi modificate, v\u0103 rug\u0103m s\u0103 le verifica\u021bi periodic. Dac\u0103 nu mai sunte\u021bi de acord cu prevederile acestora, v\u0103 rug\u0103m s\u0103 nu mai accesa\u021bi\/utiliza\u021bi serviciile nextstep.ro.<\/span><\/p><p><strong style=\"color: #000000;\">V.Date personale<\/strong><\/p><p><span style=\"color: #000000;\">nextstep.ro va colecta o varietate de date personale precum numele \u0219i prenumele \u0219i adresa de e-mail, doar atunci c\u00e2nd completa\u021bi formularul din pagina de Contact pentru a ne contacta. De asemenea, pentru a v\u0103 abona la newsletter-ul nextstep.ro sau la alertele nextstep.ro trebuie s\u0103 ne furniza\u021bi o adres\u0103 de email valid\u0103 \u0219i alte date despre dumneavoastr\u0103. V\u0103 rug\u0103m s\u0103 accesa\u021bi pagina care v\u0103 arat\u0103 Politica de confiden\u021bialitate pentru a v\u0103 informa cu privire la informa\u021biile colectate de nextstep.ro, la modul \u00een care acestea vor fi utilizate \u0219i la drepturile la protec\u021bia vie\u021bii private.<\/span><\/p><p><strong style=\"color: #000000;\">VI.Testimoniale, comentarii, comunicare \u0219i alte tipuri de con\u021binut<\/strong><\/p><p><span style=\"color: #000000;\">Utilizatorii pot: posta m\u0103rturii, comentarii sau alte tipuri de con\u021binut; trimite sugestii, idei; pune \u00eentreb\u0103ri, propune articole sau alte tipuri de materiale at\u00e2ta timp c\u00e2t con\u021binutul acestora nu este ilegal, obscen, amenin\u021b\u0103tor, calomnios \u0219i nu \u00eencalc\u0103 dreptul la via\u021b\u0103 privat\u0103 sau legea privind protec\u021bia propriet\u0103\u021bii intelectuale; nu con\u021bine viru\u0219i informatici, comer\u021b, comunica\u021bii politice care incit\u0103 la ur\u0103 sau intoleran\u021b\u0103 pe motive etnice, religioase, rasiale, de orientare sexual\u0103, sunt mesaje \u00een mas\u0103 sau alte tipuri de spam. Pentru a posta m\u0103rturii, comentarii, comunic\u0103ri \u0219i alte tipuri de con\u021binut, nu pute\u021bi folosi adrese de e-mail sau identit\u0103\u021bi false. Site-ul nextstep.ro \u00ee\u0219i rezerv\u0103 dreptul, dar nu are obliga\u021bia de a elimina sau edita toate tipurile de con\u021binut publicat de utilizatori \u0219i nu este obligat s\u0103 revizuiasc\u0103 periodic un astfel de con\u021binut. Post\u00e2nd testimoniale, comentarii, comunicare si alte tipuri de con\u021binut pe nextstep.ro, transfera\u021bi, dac\u0103 nu se indic\u0103 altfel de c\u0103tre Companie, drepturi de proprietate intelectuala neexclusive, perpetue, irevocabile asupra materialelor postate. Compania are dreptul de a modifica, reproduce, transfera, ajusta, publica, disemina materialele postate de utilizatori, prin orice mijloc de comunicare in masa, din orice tara. Post\u00e2nd m\u0103rturii, comentarii, comunic\u0103ri \u0219i alte tipuri de con\u021binut pe nextstep.ro acorda\u021bi dreptul Companiei de a v\u0103 folosi numele \u00een leg\u0103tur\u0103 cu materialele postate; garanta\u021bi c\u0103 de\u021bine\u021bi sau controla\u021bi \u00een alt mod dreptul de proprietate intelectual\u0103 asupra materialelor postate de dvs.; c\u0103 astfel de materiale nu \u00eencalc\u0103 niciunul dintre termenii nextstep.ro pentru postarea de m\u0103rturii, comentarii, comunicare \u0219i orice alt\u0103 form\u0103 de con\u021binut de utilizator. Site-ul nextstep.ro are dreptul, dar nu \u0219i obliga\u021bia de a monitoriza, edita, \u0219terge orice tip de con\u021binut sau activit\u0103\u021bi ale utilizatorilor de pe Site. De asemenea, nextstep.ro nu este responsabil \u0219i nu \u00ee\u0219i asum\u0103 nicio responsabilitate pentru orice material postat pe Site de c\u0103tre ter\u021bi. Site-ul nextstep.ro are dreptul de a nu publica toate comentariile si articolele propuse de utilizatori.<\/span><\/p><p><span style=\"color: #000000;\"><strong>VII. For\u021b\u0103 major\u0103<\/strong><\/span><\/p><p><span style=\"color: #000000;\">Site-ul nextstep.ro, afilia\u021bii s\u0103i \u0219i\/sau furnizorii de produse sau servicii c\u0103tre nextstep.ro \u00een general nu pot fi f\u0103cu\u021bi responsabili pentru nicio \u00eent\u00e2rziere sau eroare care decurge direct sau indirect din cauze peste voin\u021ba nextstep.ro. Aceast\u0103 scutire include f\u0103r\u0103 limitare: defec\u021biuni ale echipamentului tehnic de la nextstep.ro, conexiune la internet nefunc\u021bional\u0103, conexiune telefonic\u0103 nefunc\u021bional\u0103, viru\u0219i informatici, acces neautorizat la sistemele nextstep.ro, bug-uri, precum \u0219i cazurile de for\u021b\u0103 major\u0103 stipulate. de legisla\u021bia rom\u00e2n\u0103 \u00een vigoare.<\/span><\/p><p><span style=\"color: #000000;\"><strong>VIII. Publicitate<\/strong><\/span><\/p><p><span style=\"color: #000000;\">Site-ul nextstep.ro poate afi\u0219a pe paginile sale reclame la produse din catalogul s\u0103u \u0219i la produse sau servicii ter\u021be. Utiliz\u00e2nd nextstep.ro \u0219i accept\u00e2nd Termenii \u0219i Condi\u021biile de utilizare a acestuia \u0219i Politica de confiden\u021bialitate, v\u0103 exprima\u021bi consim\u021b\u0103m\u00e2ntul direct de a fi destinatarul acestor reclame comerciale.<\/span><\/p><p><strong style=\"color: #000000;\">IX.Pl\u00e2ngeri privind \u00eenc\u0103lcarea propriet\u0103\u021bii intelectuale<\/strong><\/p><p><span style=\"color: #000000;\">Site-ul nextstep.ro respect\u0103 drepturile de proprietate intelectual\u0103 ale ter\u021bilor. Dac\u0103 a\u021bi observat c\u0103 site-ul web con\u021bine informa\u021bii care \u00eencalc\u0103 dreptul lor de proprietate intelectual\u0103, v\u0103 rug\u0103m s\u0103 ne informa\u021bi prin adresa de e-mail, num\u0103rul de telefon sau adresa po\u0219tal\u0103 afi\u0219ate \u00een capitolul \u201eDespre noi\u201d din acest acord.<\/span><\/p><p><strong style=\"color: #000000;\">X.Legea aplicabil\u0103<\/strong><\/p><p><span style=\"color: #000000;\">Serviciile furnizate de Companie prin intermediul nextstep.ro sunt guvernate de prevederile legilor romane, in special Legea nr. 365\/2002 privind comer\u021bul electronic, Ordonan\u021ba nr. 130\/2000 privind Protec\u021bia Consumatorilor cu privire la \u00cencheierea \u0219i Efectuarea Contractelor la Distanta, HG nr. 448\/2005 \u0219i Directiva European\u0103 CE\/96\/2002 care reglementeaz\u0103 regimul taxei de timbru verde care se aplic\u0103 produselor electronice. Termenii \u0219i Condi\u021biile nextstep.ro se supun legisla\u021biei rom\u00e2ne. \u00cen caz de litigiu, se va c\u0103uta mai \u00eent\u00e2i o cale amiabil\u0103, \u00een termen de 30 de zile lucr\u0103toare de la \u00eenregistrarea reclama\u021biei la oficiul nextstep.ro. \u00cen cazul \u00een care \u00een perioada specificat\u0103 anterior nu se poate ajunge la un acord, litigiile dintre P\u0103r\u021bi vor fi transmise spre solu\u021bionare instan\u021belor judec\u0103tore\u0219ti competente din Bucure\u0219ti, Rom\u00e2nia.<\/span><\/p><p><strong style=\"color: #000000;\">XI.Prezentarea produsului<\/strong><\/p><p><span style=\"color: #000000;\">Site-ul nextstep.ro \u00ee\u0219i rezerv\u0103 dreptul de a face orice modificare a informa\u021biilor \u0219i datelor tehnice de pe site-ul nextstep.ro, f\u0103r\u0103 o notificare prealabil\u0103, dup\u0103 cum poate fi necesar\u0103 din c\u00e2nd \u00een c\u00e2nd. Datele tehnice de pe site-ul nextstep.ro au scop informativ \u0219i nu constituie o obliga\u021bie contractual\u0103. Fotografiile de pe site-ul nextstep.ro au scop informativ \u0219i pot exista diferen\u021be \u00eentre ele \u0219i produsul real.<\/span><\/p>\t\t\t\t\t\t<\/div>\n\t\t\t\t<\/div>\n\t\t\t\t\t<\/div>\n\t\t\t\t<\/div>\n\t\t\t\t<\/div>\n\t\t","protected":false},"excerpt":{"rendered":"<p>Termeni \u0219i Condi\u021bii de utilizare a site-ului I. Despre noi Serviciul nextstep.ro este asigurat de Next Step Investments S.R.L., av\u00e2nd sediul \u00een Tudor Vladimirescu nr. 22, Green Gate Office Building, Camera 505, Etajul 5, Bucure\u0219ti, Sector 5, Romania, \u00eenregistrat\u0103 la Registrul Comer\u021bului sub nr. J40\/17915\/2007, av\u00e2nd num\u0103rul de identificare fiscal\u0103 RO22465856, denumit\u0103 \u00een continuare Societatea. [&hellip;]<\/p>\n","protected":false},"author":1,"featured_media":0,"parent":0,"menu_order":0,"comment_status":"closed","ping_status":"closed","template":"","meta":{"give_campaign_id":0,"inline_featured_image":false,"footnotes":""},"class_list":["post-3128","page","type-page","status-publish","hentry"],"rankMath":{"parentDomain":"nextstep.ro","noFollowDomains":[],"noFollowExcludeDomains":[],"noFollowExternalLinks":false,"featuredImageNotice":"The featured image should be at least 200 by 200 pixels to be picked up by Facebook and other social media sites.","pluginReviewed":false,"postSettings":{"linkSuggestions":true,"useFocusKeyword":false},"frontEndScore":false,"postName":"termeni-si-conditii","permalinkFormat":"https:\/\/nextstep.ro\/ro\/%pagename%\/","showLockModifiedDate":true,"assessor":{"focusKeywordLink":"https:\/\/nextstep.ro\/wp-admin\/edit.php?focus_keyword=%focus_keyword%&post_type=%post_type%","hasTOCPlugin":true,"primaryTaxonomy":false,"serpData":{"title":"","description":"","focusKeywords":"","pillarContent":false,"canonicalUrl":"","breadcrumbTitle":"","advancedRobots":{"max-snippet":"-1","max-video-preview":"-1","max-image-preview":"large"},"facebookTitle":"","facebookDescription":"","facebookImage":"","facebookImageID":"","facebookHasOverlay":false,"facebookImageOverlay":"","facebookAuthor":"","twitterCardType":"","twitterUseFacebook":true,"twitterTitle":"","twitterDescription":"","twitterImage":"","twitterImageID":"","twitterHasOverlay":false,"twitterImageOverlay":"","twitterPlayerUrl":"","twitterPlayerSize":"","twitterPlayerStream":"","twitterPlayerStreamCtype":"","twitterAppDescription":"","twitterAppIphoneName":"","twitterAppIphoneID":"","twitterAppIphoneUrl":"","twitterAppIpadName":"","twitterAppIpadID":"","twitterAppIpadUrl":"","twitterAppGoogleplayName":"","twitterAppGoogleplayID":"","twitterAppGoogleplayUrl":"","twitterAppCountry":"","robots":{"index":true},"twitterAuthor":"username","primaryTerm":0,"authorName":"adminns","titleTemplate":"%title% %sep% %sitename%","descriptionTemplate":"%excerpt%","showScoreFrontend":true,"lockModifiedDate":false},"powerWords":[],"diacritics":{"A":"[\\u0041\\u24B6\\uFF21\\u00C0\\u00C1\\u00C2\\u1EA6\\u1EA4\\u1EAA\\u1EA8\\u00C3\\u0100\\u0102\\u1EB0\\u1EAE\\u1EB4\\u1EB2\\u0226\\u01E0\\u00C4\\u01DE\\u1EA2\\u00C5\\u01FA\\u01CD\\u0200\\u0202\\u1EA0\\u1EAC\\u1EB6\\u1E00\\u0104\\u023A\\u2C6F]","AA":"[\\uA732]","AE":"[\\u00C6\\u01FC\\u01E2]","AO":"[\\uA734]","AU":"[\\uA736]","AV":"[\\uA738\\uA73A]","AY":"[\\uA73C]","B":"[\\u0042\\u24B7\\uFF22\\u1E02\\u1E04\\u1E06\\u0243\\u0182\\u0181]","C":"[\\u0043\\u24B8\\uFF23\\u0106\\u0108\\u010A\\u010C\\u00C7\\u1E08\\u0187\\u023B\\uA73E]","D":"[\\u0044\\u24B9\\uFF24\\u1E0A\\u010E\\u1E0C\\u1E10\\u1E12\\u1E0E\\u0110\\u018B\\u018A\\u0189\\uA779]","DZ":"[\\u01F1\\u01C4]","Dz":"[\\u01F2\\u01C5]","E":"[\\u0045\\u24BA\\uFF25\\u00C8\\u00C9\\u00CA\\u1EC0\\u1EBE\\u1EC4\\u1EC2\\u1EBC\\u0112\\u1E14\\u1E16\\u0114\\u0116\\u00CB\\u1EBA\\u011A\\u0204\\u0206\\u1EB8\\u1EC6\\u0228\\u1E1C\\u0118\\u1E18\\u1E1A\\u0190\\u018E]","F":"[\\u0046\\u24BB\\uFF26\\u1E1E\\u0191\\uA77B]","G":"[\\u0047\\u24BC\\uFF27\\u01F4\\u011C\\u1E20\\u011E\\u0120\\u01E6\\u0122\\u01E4\\u0193\\uA7A0\\uA77D\\uA77E]","H":"[\\u0048\\u24BD\\uFF28\\u0124\\u1E22\\u1E26\\u021E\\u1E24\\u1E28\\u1E2A\\u0126\\u2C67\\u2C75\\uA78D]","I":"[\\u0049\\u24BE\\uFF29\\u00CC\\u00CD\\u00CE\\u0128\\u012A\\u012C\\u0130\\u00CF\\u1E2E\\u1EC8\\u01CF\\u0208\\u020A\\u1ECA\\u012E\\u1E2C\\u0197]","J":"[\\u004A\\u24BF\\uFF2A\\u0134\\u0248]","K":"[\\u004B\\u24C0\\uFF2B\\u1E30\\u01E8\\u1E32\\u0136\\u1E34\\u0198\\u2C69\\uA740\\uA742\\uA744\\uA7A2]","L":"[\\u004C\\u24C1\\uFF2C\\u013F\\u0139\\u013D\\u1E36\\u1E38\\u013B\\u1E3C\\u1E3A\\u0141\\u023D\\u2C62\\u2C60\\uA748\\uA746\\uA780]","LJ":"[\\u01C7]","Lj":"[\\u01C8]","M":"[\\u004D\\u24C2\\uFF2D\\u1E3E\\u1E40\\u1E42\\u2C6E\\u019C]","N":"[\\u004E\\u24C3\\uFF2E\\u01F8\\u0143\\u00D1\\u1E44\\u0147\\u1E46\\u0145\\u1E4A\\u1E48\\u0220\\u019D\\uA790\\uA7A4]","NJ":"[\\u01CA]","Nj":"[\\u01CB]","O":"[\\u004F\\u24C4\\uFF2F\\u00D2\\u00D3\\u00D4\\u1ED2\\u1ED0\\u1ED6\\u1ED4\\u00D5\\u1E4C\\u022C\\u1E4E\\u014C\\u1E50\\u1E52\\u014E\\u022E\\u0230\\u00D6\\u022A\\u1ECE\\u0150\\u01D1\\u020C\\u020E\\u01A0\\u1EDC\\u1EDA\\u1EE0\\u1EDE\\u1EE2\\u1ECC\\u1ED8\\u01EA\\u01EC\\u00D8\\u01FE\\u0186\\u019F\\uA74A\\uA74C]","OI":"[\\u01A2]","OO":"[\\uA74E]","OU":"[\\u0222]","P":"[\\u0050\\u24C5\\uFF30\\u1E54\\u1E56\\u01A4\\u2C63\\uA750\\uA752\\uA754]","Q":"[\\u0051\\u24C6\\uFF31\\uA756\\uA758\\u024A]","R":"[\\u0052\\u24C7\\uFF32\\u0154\\u1E58\\u0158\\u0210\\u0212\\u1E5A\\u1E5C\\u0156\\u1E5E\\u024C\\u2C64\\uA75A\\uA7A6\\uA782]","S":"[\\u0053\\u24C8\\uFF33\\u1E9E\\u015A\\u1E64\\u015C\\u1E60\\u0160\\u1E66\\u1E62\\u1E68\\u0218\\u015E\\u2C7E\\uA7A8\\uA784]","T":"[\\u0054\\u24C9\\uFF34\\u1E6A\\u0164\\u1E6C\\u021A\\u0162\\u1E70\\u1E6E\\u0166\\u01AC\\u01AE\\u023E\\uA786]","TZ":"[\\uA728]","U":"[\\u0055\\u24CA\\uFF35\\u00D9\\u00DA\\u00DB\\u0168\\u1E78\\u016A\\u1E7A\\u016C\\u00DC\\u01DB\\u01D7\\u01D5\\u01D9\\u1EE6\\u016E\\u0170\\u01D3\\u0214\\u0216\\u01AF\\u1EEA\\u1EE8\\u1EEE\\u1EEC\\u1EF0\\u1EE4\\u1E72\\u0172\\u1E76\\u1E74\\u0244]","V":"[\\u0056\\u24CB\\uFF36\\u1E7C\\u1E7E\\u01B2\\uA75E\\u0245]","VY":"[\\uA760]","W":"[\\u0057\\u24CC\\uFF37\\u1E80\\u1E82\\u0174\\u1E86\\u1E84\\u1E88\\u2C72]","X":"[\\u0058\\u24CD\\uFF38\\u1E8A\\u1E8C]","Y":"[\\u0059\\u24CE\\uFF39\\u1EF2\\u00DD\\u0176\\u1EF8\\u0232\\u1E8E\\u0178\\u1EF6\\u1EF4\\u01B3\\u024E\\u1EFE]","Z":"[\\u005A\\u24CF\\uFF3A\\u0179\\u1E90\\u017B\\u017D\\u1E92\\u1E94\\u01B5\\u0224\\u2C7F\\u2C6B\\uA762]","a":"[\\u0061\\u24D0\\uFF41\\u1E9A\\u00E0\\u00E1\\u00E2\\u1EA7\\u1EA5\\u1EAB\\u1EA9\\u00E3\\u0101\\u0103\\u1EB1\\u1EAF\\u1EB5\\u1EB3\\u0227\\u01E1\\u00E4\\u01DF\\u1EA3\\u00E5\\u01FB\\u01CE\\u0201\\u0203\\u1EA1\\u1EAD\\u1EB7\\u1E01\\u0105\\u2C65\\u0250]","aa":"[\\uA733]","ae":"[\\u00E6\\u01FD\\u01E3]","ao":"[\\uA735]","au":"[\\uA737]","av":"[\\uA739\\uA73B]","ay":"[\\uA73D]","b":"[\\u0062\\u24D1\\uFF42\\u1E03\\u1E05\\u1E07\\u0180\\u0183\\u0253]","c":"[\\u0063\\u24D2\\uFF43\\u0107\\u0109\\u010B\\u010D\\u00E7\\u1E09\\u0188\\u023C\\uA73F\\u2184]","d":"[\\u0064\\u24D3\\uFF44\\u1E0B\\u010F\\u1E0D\\u1E11\\u1E13\\u1E0F\\u0111\\u018C\\u0256\\u0257\\uA77A]","dz":"[\\u01F3\\u01C6]","e":"[\\u0065\\u24D4\\uFF45\\u00E8\\u00E9\\u00EA\\u1EC1\\u1EBF\\u1EC5\\u1EC3\\u1EBD\\u0113\\u1E15\\u1E17\\u0115\\u0117\\u00EB\\u1EBB\\u011B\\u0205\\u0207\\u1EB9\\u1EC7\\u0229\\u1E1D\\u0119\\u1E19\\u1E1B\\u0247\\u025B\\u01DD]","f":"[\\u0066\\u24D5\\uFF46\\u1E1F\\u0192\\uA77C]","g":"[\\u0067\\u24D6\\uFF47\\u01F5\\u011D\\u1E21\\u011F\\u0121\\u01E7\\u0123\\u01E5\\u0260\\uA7A1\\u1D79\\uA77F]","h":"[\\u0068\\u24D7\\uFF48\\u0125\\u1E23\\u1E27\\u021F\\u1E25\\u1E29\\u1E2B\\u1E96\\u0127\\u2C68\\u2C76\\u0265]","hv":"[\\u0195]","i":"[\\u0069\\u24D8\\uFF49\\u00EC\\u00ED\\u00EE\\u0129\\u012B\\u012D\\u00EF\\u1E2F\\u1EC9\\u01D0\\u0209\\u020B\\u1ECB\\u012F\\u1E2D\\u0268\\u0131]","j":"[\\u006A\\u24D9\\uFF4A\\u0135\\u01F0\\u0249]","k":"[\\u006B\\u24DA\\uFF4B\\u1E31\\u01E9\\u1E33\\u0137\\u1E35\\u0199\\u2C6A\\uA741\\uA743\\uA745\\uA7A3]","l":"[\\u006C\\u24DB\\uFF4C\\u0140\\u013A\\u013E\\u1E37\\u1E39\\u013C\\u1E3D\\u1E3B\\u017F\\u0142\\u019A\\u026B\\u2C61\\uA749\\uA781\\uA747]","lj":"[\\u01C9]","m":"[\\u006D\\u24DC\\uFF4D\\u1E3F\\u1E41\\u1E43\\u0271\\u026F]","n":"[\\u006E\\u24DD\\uFF4E\\u01F9\\u0144\\u00F1\\u1E45\\u0148\\u1E47\\u0146\\u1E4B\\u1E49\\u019E\\u0272\\u0149\\uA791\\uA7A5]","nj":"[\\u01CC]","o":"[\\u006F\\u24DE\\uFF4F\\u00F2\\u00F3\\u00F4\\u1ED3\\u1ED1\\u1ED7\\u1ED5\\u00F5\\u1E4D\\u022D\\u1E4F\\u014D\\u1E51\\u1E53\\u014F\\u022F\\u0231\\u00F6\\u022B\\u1ECF\\u0151\\u01D2\\u020D\\u020F\\u01A1\\u1EDD\\u1EDB\\u1EE1\\u1EDF\\u1EE3\\u1ECD\\u1ED9\\u01EB\\u01ED\\u00F8\\u01FF\\u0254\\uA74B\\uA74D\\u0275]","oi":"[\\u01A3]","ou":"[\\u0223]","oo":"[\\uA74F]","p":"[\\u0070\\u24DF\\uFF50\\u1E55\\u1E57\\u01A5\\u1D7D\\uA751\\uA753\\uA755]","q":"[\\u0071\\u24E0\\uFF51\\u024B\\uA757\\uA759]","r":"[\\u0072\\u24E1\\uFF52\\u0155\\u1E59\\u0159\\u0211\\u0213\\u1E5B\\u1E5D\\u0157\\u1E5F\\u024D\\u027D\\uA75B\\uA7A7\\uA783]","s":"[\\u0073\\u24E2\\uFF53\\u015B\\u1E65\\u015D\\u1E61\\u0161\\u1E67\\u1E63\\u1E69\\u0219\\u015F\\u023F\\uA7A9\\uA785\\u1E9B]","ss":"[\\u00DF]","t":"[\\u0074\\u24E3\\uFF54\\u1E6B\\u1E97\\u0165\\u1E6D\\u021B\\u0163\\u1E71\\u1E6F\\u0167\\u01AD\\u0288\\u2C66\\uA787]","tz":"[\\uA729]","u":"[\\u0075\\u24E4\\uFF55\\u00F9\\u00FA\\u00FB\\u0169\\u1E79\\u016B\\u1E7B\\u016D\\u00FC\\u01DC\\u01D8\\u01D6\\u01DA\\u1EE7\\u016F\\u0171\\u01D4\\u0215\\u0217\\u01B0\\u1EEB\\u1EE9\\u1EEF\\u1EED\\u1EF1\\u1EE5\\u1E73\\u0173\\u1E77\\u1E75\\u0289]","v":"[\\u0076\\u24E5\\uFF56\\u1E7D\\u1E7F\\u028B\\uA75F\\u028C]","vy":"[\\uA761]","w":"[\\u0077\\u24E6\\uFF57\\u1E81\\u1E83\\u0175\\u1E87\\u1E85\\u1E98\\u1E89\\u2C73]","x":"[\\u0078\\u24E7\\uFF58\\u1E8B\\u1E8D]","y":"[\\u0079\\u24E8\\uFF59\\u1EF3\\u00FD\\u0177\\u1EF9\\u0233\\u1E8F\\u00FF\\u1EF7\\u1E99\\u1EF5\\u01B4\\u024F\\u1EFF]","z":"[\\u007A\\u24E9\\uFF5A\\u017A\\u1E91\\u017C\\u017E\\u1E93\\u1E95\\u01B6\\u0225\\u0240\\u2C6C\\uA763]"},"researchesTests":["contentHasTOC","contentHasShortParagraphs","contentHasAssets","keywordInTitle","keywordInMetaDescription","keywordInPermalink","keywordIn10Percent","keywordInContent","keywordInSubheadings","keywordInImageAlt","keywordDensity","keywordNotUsed","lengthContent","lengthPermalink","linksHasInternal","linksHasExternals","linksNotAllExternals","titleStartWithKeyword","titleSentiment","titleHasPowerWords","titleHasNumber","hasContentAI"],"hasRedirection":false,"hasBreadcrumb":false},"homeUrl":"https:\/\/nextstep.ro\/ro\/","objectID":3128,"objectType":"post","locale":"ro","localeFull":"ro_RO","overlayImages":{"play":{"name":"Play icon","url":"https:\/\/nextstep.ro\/wp-content\/plugins\/seo-by-rank-math\/assets\/admin\/img\/icon-play.png","path":"\/home\/nextstepcom\/public_html\/wp-content\/plugins\/seo-by-rank-math\/assets\/admin\/img\/icon-play.png","position":"middle_center"},"gif":{"name":"GIF icon","url":"https:\/\/nextstep.ro\/wp-content\/plugins\/seo-by-rank-math\/assets\/admin\/img\/icon-gif.png","path":"\/home\/nextstepcom\/public_html\/wp-content\/plugins\/seo-by-rank-math\/assets\/admin\/img\/icon-gif.png","position":"middle_center"}},"defautOgImage":"https:\/\/nextstep.ro\/wp-content\/plugins\/seo-by-rank-math\/assets\/admin\/img\/social-placeholder.jpg","customPermalinks":true,"isUserRegistered":false,"autoSuggestKeywords":false,"connectSiteUrl":"https:\/\/rankmath.com\/auth?site=https%3A%2F%2Fnextstep.ro%2Fro%2F&r=https%3A%2F%2Fnextstep.ro%2Fro%2Fwp-json%2Fwp%2Fv2%2Fpages%2F3128%3Fnonce%3Db94aab6188","maxTags":5,"trendsIcon":"<svg viewBox=\"0 0 610 610\"><path d=\"M18.85,446,174.32,290.48l58.08,58.08L76.93,504a14.54,14.54,0,0,1-20.55,0L18.83,466.48a14.54,14.54,0,0,1,0-20.55Z\" style=\"fill:#4285f4\"\/><path d=\"M242.65,242.66,377.59,377.6l-47.75,47.75a14.54,14.54,0,0,1-20.55,0L174.37,290.43l47.75-47.75A14.52,14.52,0,0,1,242.65,242.66Z\" style=\"fill:#ea4335\"\/><polygon points=\"319.53 319.53 479.26 159.8 537.34 217.88 377.61 377.62 319.53 319.53\" style=\"fill:#fabb05\"\/><path d=\"M594.26,262.73V118.61h0a16.94,16.94,0,0,0-16.94-16.94H433.2a16.94,16.94,0,0,0-12,28.92L565.34,274.71h0a16.94,16.94,0,0,0,28.92-12Z\" style=\"fill:#34a853\"\/><rect width=\"610\" height=\"610\" style=\"fill:none\"\/><\/svg>","showScore":true,"siteFavIcon":"https:\/\/nextstep.ro\/wp-content\/uploads\/2024\/10\/cropped-favicon8097-32x32.png","canUser":{"general":false,"advanced":false,"snippet":false,"social":false,"analysis":false,"analytics":false,"content_ai":false},"isPro":false,"is_front_page":false,"trendsUpgradeLink":"https:\/\/rankmath.com\/pricing\/?utm_source=Plugin&utm_medium=CE%20General%20Tab%20Trends&utm_campaign=WP","trendsUpgradeLabel":"Upgrade","trendsPreviewImage":"https:\/\/nextstep.ro\/wp-content\/plugins\/seo-by-rank-math\/assets\/admin\/img\/trends-preview.jpg","currentEditor":false,"homepageData":{"assessor":{"powerWords":[],"diacritics":true,"researchesTests":["contentHasTOC","contentHasShortParagraphs","contentHasAssets","keywordInTitle","keywordInMetaDescription","keywordInPermalink","keywordIn10Percent","keywordInContent","keywordInSubheadings","keywordInImageAlt","keywordDensity","keywordNotUsed","lengthContent","lengthPermalink","linksHasInternal","linksHasExternals","linksNotAllExternals","titleStartWithKeyword","titleSentiment","titleHasPowerWords","titleHasNumber","hasContentAI"],"hasBreadcrumb":false,"serpData":{"title":"%sitename% %page% %sep% %sitedesc%","description":"","titleTemplate":"%sitename% %page% %sep% %sitedesc%","descriptionTemplate":"","focusKeywords":"","breadcrumbTitle":"Home","robots":{"index":true},"advancedRobots":{"max-snippet":"-1","max-video-preview":"-1","max-image-preview":"large"},"facebookTitle":"","facebookDescription":"","facebookImage":"","facebookImageID":""}}},"tocTitle":"Table of Contents","tocExcludeHeadings":[],"listStyle":"ul"},"campaignId":"","_links":{"self":[{"href":"https:\/\/nextstep.ro\/ro\/wp-json\/wp\/v2\/pages\/3128","targetHints":{"allow":["GET"]}}],"collection":[{"href":"https:\/\/nextstep.ro\/ro\/wp-json\/wp\/v2\/pages"}],"about":[{"href":"https:\/\/nextstep.ro\/ro\/wp-json\/wp\/v2\/types\/page"}],"author":[{"embeddable":true,"href":"https:\/\/nextstep.ro\/ro\/wp-json\/wp\/v2\/users\/1"}],"replies":[{"embeddable":true,"href":"https:\/\/nextstep.ro\/ro\/wp-json\/wp\/v2\/comments?post=3128"}],"version-history":[{"count":0,"href":"https:\/\/nextstep.ro\/ro\/wp-json\/wp\/v2\/pages\/3128\/revisions"}],"wp:attachment":[{"href":"https:\/\/nextstep.ro\/ro\/wp-json\/wp\/v2\/media?parent=3128"}],"curies":[{"name":"wp","href":"https:\/\/api.w.org\/{rel}","templated":true}]}}