{"id":4011,"date":"2024-12-10T18:11:29","date_gmt":"2024-12-10T16:11:29","guid":{"rendered":"https:\/\/nextstep.ro\/lansinoh-2\/"},"modified":"2024-12-10T18:25:06","modified_gmt":"2024-12-10T16:25:06","slug":"lansinoh","status":"publish","type":"page","link":"https:\/\/nextstep.ro\/ro\/lansinoh\/","title":{"rendered":"Lansinoh"},"content":{"rendered":"\t\t<div data-elementor-type=\"wp-page\" data-elementor-id=\"4011\" class=\"elementor elementor-4011 elementor-4000\" data-elementor-post-type=\"page\">\n\t\t\t\t<div class=\"elementor-element elementor-element-31292316 e-con-full e-flex e-con e-parent\" data-id=\"31292316\" data-element_type=\"container\" data-e-type=\"container\">\n\t\t<div class=\"elementor-element elementor-element-1e34de42 e-con-full e-flex e-con e-child\" data-id=\"1e34de42\" data-element_type=\"container\" data-e-type=\"container\">\n\t\t\t\t<div class=\"elementor-element elementor-element-1ec7d7b0 elementor-widget elementor-widget-image\" data-id=\"1ec7d7b0\" data-element_type=\"widget\" data-e-type=\"widget\" data-widget_type=\"image.default\">\n\t\t\t\t<div class=\"elementor-widget-container\">\n\t\t\t\t\t\t\t\t\t\t\t\t\t\t\t<img fetchpriority=\"high\" decoding=\"async\" width=\"300\" height=\"300\" src=\"https:\/\/nextstep.ro\/wp-content\/uploads\/2024\/10\/Lansinoh-300x300.png\" class=\"attachment-medium size-medium wp-image-1387\" alt=\"\" srcset=\"https:\/\/nextstep.ro\/wp-content\/uploads\/2024\/10\/Lansinoh-300x300.png 300w, https:\/\/nextstep.ro\/wp-content\/uploads\/2024\/10\/Lansinoh-1024x1024.png 1024w, https:\/\/nextstep.ro\/wp-content\/uploads\/2024\/10\/Lansinoh-150x150.png 150w, https:\/\/nextstep.ro\/wp-content\/uploads\/2024\/10\/Lansinoh-768x768.png 768w, https:\/\/nextstep.ro\/wp-content\/uploads\/2024\/10\/Lansinoh-600x600.png 600w, https:\/\/nextstep.ro\/wp-content\/uploads\/2024\/10\/Lansinoh-100x100.png 100w, https:\/\/nextstep.ro\/wp-content\/uploads\/2024\/10\/Lansinoh.png 1080w\" sizes=\"(max-width: 300px) 100vw, 300px\" \/>\t\t\t\t\t\t\t\t\t\t\t\t\t\t\t<\/div>\n\t\t\t\t<\/div>\n\t\t\t\t<\/div>\n\t\t<div class=\"elementor-element elementor-element-3106f46f e-con-full e-flex e-con e-child\" data-id=\"3106f46f\" data-element_type=\"container\" data-e-type=\"container\">\n\t\t\t\t<div class=\"elementor-element elementor-element-1bdbd45e elementor-widget elementor-widget-heading\" data-id=\"1bdbd45e\" data-element_type=\"widget\" data-e-type=\"widget\" data-widget_type=\"heading.default\">\n\t\t\t\t<div class=\"elementor-widget-container\">\n\t\t\t\t\t<h1 class=\"elementor-heading-title elementor-size-default\">Lansinoh\n<\/h1>\t\t\t\t<\/div>\n\t\t\t\t<\/div>\n\t\t\t\t<div class=\"elementor-element elementor-element-1a930e39 elementor-widget elementor-widget-text-editor\" data-id=\"1a930e39\" data-element_type=\"widget\" data-e-type=\"widget\" data-widget_type=\"text-editor.default\">\n\t\t\t\t<div class=\"elementor-widget-container\">\n\t\t\t\t\t\t\t\t\t<p><strong>De ce exist\u0103m<\/strong><\/p>\n<p><strong>C\u00e2nd mamele prosper\u0103, noi to\u021bi prosper\u0103m<\/strong><\/p>\n<p><span style=\"font-weight: 400;\">A deveni mam\u0103 \u00eenseamn\u0103 a intra \u00eentr-o leg\u0103tur\u0103 sacr\u0103 cu toate mamele prezente, trecute \u0219i viitoare: maternitatea.<\/span><\/p>\n<p><span style=\"font-weight: 400;\">Conexiunea este instantanee \u0219i de nezdruncinat. Fiind noi \u00een\u0219ine membre de mult timp, suntem aici pentru a v\u0103 ura bun venit \u00een acest cerc feroce \u0219i protector \u0219i pentru a v\u0103 reaminti c\u0103 nu sunte\u021bi singure \u00een aceast\u0103 c\u0103l\u0103torie. \u00cen maternitate, to\u021bi sunt bineveni\u021bi.<\/span><\/p>\n<p><strong>Misiunea noastr\u0103 &#8211; S\u0103 fim al\u0103turi de mame<\/strong><\/p>\n<p><span style=\"font-weight: 400;\">\u00cen timp ce o nou\u0103 via\u021b\u0103 poate aduce bucurie \u0219i anticipare, este o c\u0103l\u0103torie care poate lua o tax\u0103 &#8211; fizic, mental, emo\u021bional, \u0219i dincolo. Prin bucurie \u0219i speran\u021b\u0103, \u00eendoieli, nop\u021bi nedormite \u0219i \u00een fiecare moment intermediar, vrem s\u0103 \u0219ti\u021bi c\u0103&#8230; v\u0103 vedem \u0219i suntem alia\u021bii dumneavoastr\u0103 \u00een aceast\u0103 c\u0103l\u0103torie &#8211; la fiecare pas. <\/span><\/p>\n<p><strong>ISTORICUL NOSTRU <\/strong><\/p>\n<p><span style=\"font-weight: 400;\">A mothers-first company from the start<\/span><\/p>\n<p><span style=\"font-weight: 400;\">Provoc\u0103rile legate de al\u0103ptare ale fondatoarei noastre au creat o pasiune pentru a ajuta alte mame, care inspir\u0103 \u0219i ast\u0103zi tot ceea ce facem.<\/span><\/p>\n<p><span style=\"font-weight: 400;\">C\u00e2nd Resheda Hagen a \u00eenceput s\u0103 al\u0103pteze, sf\u00e2rcurile ei au trecut de la delicate\u021be la durere atroce. Nereu\u0219ind s\u0103 ob\u021bin\u0103 o ameliorare cu produsele disponibile, s-a g\u00e2ndit cu reticen\u021b\u0103 la \u00een\u021b\u0103rcare. \u00cencurajat\u0103 de un lider La Leche League s\u0103 \u00eencerce lanolina &#8211; g\u0103sit\u0103 de so\u021bul ei medic \u00eentr-o farmacie de spital &#8211; a sim\u021bit o u\u0219urare imediat\u0103. Resheda a \u00eenceput s\u0103 sus\u021bin\u0103 beneficiile lanolinei pure ca tratament pentru mameloanele dureroase \u0219i a fondat Lansinoh \u00een 1984.   <\/span><\/p>\n<p><strong>Sustenabilitate: <\/strong><\/p>\n<p><span style=\"font-weight: 400;\">Sus\u021binem toate mamele &#8211; inclusiv Mama P\u0103m\u00e2nt<\/span><\/p>\n<p><span style=\"font-weight: 400;\">Credem c\u0103 fiecare familie merit\u0103 un viitor s\u0103n\u0103tos. Angajamentul nostru fa\u021b\u0103 de durabilitate se bazeaz\u0103 pe \u0219tiin\u021b\u0103 \u0219i sprijin\u0103 Obiectivele de Dezvoltare Durabil\u0103 ale Na\u021biunilor Unite. <\/span><\/p>\n<p><span style=\"font-weight: 400;\">Viitorul nostru, viitorul familiilor noastre \u0219i viitorul planetei depind de ac\u021biunile pe care le \u00eentreprindem ast\u0103zi.<\/span><\/p>\n\t\t\t\t\t\t\t\t<\/div>\n\t\t\t\t<\/div>\n\t\t\t\t<\/div>\n\t\t\t\t<\/div>\n\t\t\t\t<\/div>\n\t\t","protected":false},"excerpt":{"rendered":"<p>Lansinoh De ce exist\u0103m C\u00e2nd mamele prosper\u0103, noi to\u021bi prosper\u0103m A deveni mam\u0103 \u00eenseamn\u0103 a intra \u00eentr-o leg\u0103tur\u0103 sacr\u0103 cu toate mamele prezente, trecute \u0219i viitoare: maternitatea. Conexiunea este instantanee \u0219i de nezdruncinat. Fiind noi \u00een\u0219ine membre de mult timp, suntem aici pentru a v\u0103 ura bun venit \u00een acest cerc feroce \u0219i protector \u0219i [&hellip;]<\/p>\n","protected":false},"author":1,"featured_media":0,"parent":0,"menu_order":0,"comment_status":"closed","ping_status":"closed","template":"","meta":{"give_campaign_id":0,"inline_featured_image":false,"footnotes":""},"class_list":["post-4011","page","type-page","status-publish","hentry"],"campaignId":"","_links":{"self":[{"href":"https:\/\/nextstep.ro\/ro\/wp-json\/wp\/v2\/pages\/4011","targetHints":{"allow":["GET"]}}],"collection":[{"href":"https:\/\/nextstep.ro\/ro\/wp-json\/wp\/v2\/pages"}],"about":[{"href":"https:\/\/nextstep.ro\/ro\/wp-json\/wp\/v2\/types\/page"}],"author":[{"embeddable":true,"href":"https:\/\/nextstep.ro\/ro\/wp-json\/wp\/v2\/users\/1"}],"replies":[{"embeddable":true,"href":"https:\/\/nextstep.ro\/ro\/wp-json\/wp\/v2\/comments?post=4011"}],"version-history":[{"count":1,"href":"https:\/\/nextstep.ro\/ro\/wp-json\/wp\/v2\/pages\/4011\/revisions"}],"predecessor-version":[{"id":4012,"href":"https:\/\/nextstep.ro\/ro\/wp-json\/wp\/v2\/pages\/4011\/revisions\/4012"}],"wp:attachment":[{"href":"https:\/\/nextstep.ro\/ro\/wp-json\/wp\/v2\/media?parent=4011"}],"curies":[{"name":"wp","href":"https:\/\/api.w.org\/{rel}","templated":true}]}}