{"id":4131,"date":"2026-01-20T16:59:50","date_gmt":"2026-01-20T14:59:50","guid":{"rendered":"https:\/\/nextstep.ro\/eveniment-bucuresti-assmb\/"},"modified":"2026-01-27T17:40:30","modified_gmt":"2026-01-27T15:40:30","slug":"eveniment-bucuresti-assmb","status":"publish","type":"page","link":"https:\/\/nextstep.ro\/ro\/eveniment-bucuresti-assmb\/","title":{"rendered":"Eveniment Bucure\u0219ti ASSMB"},"content":{"rendered":"\t\t<div data-elementor-type=\"wp-page\" data-elementor-id=\"4131\" class=\"elementor elementor-4131 elementor-4112\" data-elementor-post-type=\"page\">\n\t\t\t\t<div class=\"elementor-element elementor-element-a099cc3 e-flex e-con-boxed e-con e-parent\" data-id=\"a099cc3\" data-element_type=\"container\" data-e-type=\"container\">\n\t\t\t\t\t<div class=\"e-con-inner\">\n\t\t<div class=\"elementor-element elementor-element-4426bfd e-con-full e-flex e-con e-child\" data-id=\"4426bfd\" data-element_type=\"container\" data-e-type=\"container\">\n\t\t\t\t<div class=\"elementor-element elementor-element-8a8f064 elementor-widget elementor-widget-image\" data-id=\"8a8f064\" data-element_type=\"widget\" data-e-type=\"widget\" data-widget_type=\"image.default\">\n\t\t\t\t<div class=\"elementor-widget-container\">\n\t\t\t\t\t\t\t\t\t\t\t\t\t\t\t<img decoding=\"async\" src=\"https:\/\/nextstep.ro\/wp-content\/uploads\/elementor\/thumbs\/banner_gomag_eveniment-Bucuresti_ASSMB-1-rhzjgiun8kn9o8ethjhloyzk74caczlvhr7imc21zk.png\" title=\"banner_gomag_eveniment-Bucuresti_ASSMB\" alt=\"banner_gomag_eveniment-Bucuresti_ASSMB\" loading=\"lazy\" \/>\t\t\t\t\t\t\t\t\t\t\t\t\t\t\t<\/div>\n\t\t\t\t<\/div>\n\t\t\t\t<\/div>\n\t\t\t\t\t<\/div>\n\t\t\t\t<\/div>\n\t\t<div class=\"elementor-element elementor-element-e1611c6 e-flex e-con-boxed e-con e-parent\" data-id=\"e1611c6\" data-element_type=\"container\" data-e-type=\"container\">\n\t\t\t\t\t<div class=\"e-con-inner\">\n\t\t\t\t<div class=\"elementor-element elementor-element-863a7ad elementor-widget elementor-widget-heading\" data-id=\"863a7ad\" data-element_type=\"widget\" data-e-type=\"widget\" data-widget_type=\"heading.default\">\n\t\t\t\t<div class=\"elementor-widget-container\">\n\t\t\t\t\t<h2 class=\"elementor-heading-title elementor-size-default\"><strong>Workshop prenatal &amp; postnatal <br>Curs de puericultur\u0103 cu ATESTAT pentru t\u0103tici \u200b <\/strong><\/h2>\t\t\t\t<\/div>\n\t\t\t\t<\/div>\n\t\t\t\t\t<\/div>\n\t\t\t\t<\/div>\n\t\t<div class=\"elementor-element elementor-element-4dca947 e-flex e-con-boxed e-con e-parent\" data-id=\"4dca947\" data-element_type=\"container\" data-e-type=\"container\">\n\t\t\t\t\t<div class=\"e-con-inner\">\n\t\t\t\t<div class=\"elementor-element elementor-element-4a77ded elementor-widget elementor-widget-text-editor\" data-id=\"4a77ded\" data-element_type=\"widget\" data-e-type=\"widget\" data-widget_type=\"text-editor.default\">\n\t\t\t\t<div class=\"elementor-widget-container\">\n\t\t\t\t\t\t\t\t\t<p><img decoding=\"async\" class=\"emoji\" role=\"img\" draggable=\"false\" src=\"https:\/\/s.w.org\/images\/core\/emoji\/17.0.2\/svg\/1f4c5.svg\" alt=\"\ud83d\udcc5\" \/><strong> Joi, 29 Ianuarie, 2026\u00a0<\/strong><br \/><img decoding=\"async\" class=\"emoji\" role=\"img\" draggable=\"false\" src=\"https:\/\/s.w.org\/images\/core\/emoji\/17.0.2\/svg\/1f560.svg\" alt=\"\ud83d\udd60\" \/><strong> 17:30<\/strong><br \/><img decoding=\"async\" class=\"emoji\" role=\"img\" draggable=\"false\" src=\"https:\/\/s.w.org\/images\/core\/emoji\/17.0.2\/svg\/231b.svg\" alt=\"\u231b\" \/><strong><em>Durata cursului: 4h<\/em><\/strong><\/p><p><img decoding=\"async\" class=\"emoji\" role=\"img\" draggable=\"false\" src=\"https:\/\/s.w.org\/images\/core\/emoji\/17.0.2\/svg\/1f4cd.svg\" alt=\"\ud83d\udccd\" \/><strong>Biblioteca Na\u021bional\u0103 a Rom\u00e2niei, Sala Eliade<\/strong><br \/><a style=\"color: blue;\" href=\"http:\/\/maps.app.goo.gl\/gzQvMWZnuPe4xdYLA\" target=\"_blank\" rel=\"noopener\"><em>Bulevardul Unirii nr. 22, Sector 3, Bucure\u0219ti<\/em><\/a><\/p><p><em><strong>ACCES GRATUIT <\/strong>\u00een limita locurilor disponibile.<br \/><strong>Parcare gratuit\u0103 la sediul bibliotecii (acces din Bulevardul Mircea Vod\u0103)<\/strong><br \/><\/em><\/p><p>\u00cen cadrul acestui curs,\u00a0vor fi abordate\u00a0urm\u0103toarele subiecte esen\u021biale:<\/p><p style=\"font-size: 24px;\"><strong><img decoding=\"async\" class=\"emoji\" role=\"img\" draggable=\"false\" src=\"https:\/\/s.w.org\/images\/core\/emoji\/17.0.2\/svg\/1f930.svg\" alt=\"\ud83e\udd30\" \/>Sarcina \u201ede la A la Z\u201d<\/strong><\/p><p><strong><img decoding=\"async\" class=\"emoji\" role=\"img\" draggable=\"false\" src=\"https:\/\/s.w.org\/images\/core\/emoji\/17.0.2\/svg\/1f3a4.svg\" alt=\"\ud83c\udfa4\" \/>\u00a0<\/strong><em><strong>Prof. Dr. Iuliana Ceau\u0219u<\/strong><\/em>\u00a0<em><br \/>Medic primar Obstetric\u0103-Ginecologie, Spitalul Clinic \u201eDr. Ion Cantacuzino\u201d<\/em><\/p><p><strong><img decoding=\"async\" class=\"emoji\" role=\"img\" draggable=\"false\" src=\"https:\/\/s.w.org\/images\/core\/emoji\/17.0.2\/svg\/1f3a4.svg\" alt=\"\ud83c\udfa4\" \/>\u00a0<\/strong><em><strong>Asist. univ. dr. Andreea Nenciu<\/strong><\/em><em><br \/>Medic specialist Obstetric\u0103-Ginecologie, Spitalul Clinic \u201eDr. Ion Cantacuzino\u201d<\/em><\/p><p><strong><img decoding=\"async\" class=\"emoji\" role=\"img\" draggable=\"false\" src=\"https:\/\/s.w.org\/images\/core\/emoji\/17.0.2\/svg\/1f3a4.svg\" alt=\"\ud83c\udfa4\" \/>\u00a0<\/strong><em><strong>Asist. univ. dr. Adrian Neac\u0219u<\/strong><br \/>Medic specialist Obstetric\u0103-Ginecologie, Spitalul Clinic \u201eDr. Ion Cantacuzino\u201d<\/em><\/p><p style=\"font-size: 24px;\"><strong><img decoding=\"async\" class=\"emoji\" role=\"img\" draggable=\"false\" src=\"https:\/\/s.w.org\/images\/core\/emoji\/17.0.2\/svg\/1f957.svg\" alt=\"\ud83e\udd57\" \/> Alimenta\u021bia \u00een sarcin\u0103<\/strong><\/p><p><img decoding=\"async\" class=\"emoji\" role=\"img\" draggable=\"false\" src=\"https:\/\/s.w.org\/images\/core\/emoji\/17.0.2\/svg\/1f3a4.svg\" alt=\"\ud83c\udfa4\" \/><strong> Asist. Prof. Dr. Andreea Ana-Maria Andri\u021b\u0103\u00a0<\/strong><br \/><em>Medic specialist Diabet Zaharat, Nutri\u021bie \u0219i Boli Metabolice, Spitalul Clinic \u201eNicolae Malaxa\u201d<\/em><\/p><p style=\"font-size: 24px;\"><strong><img decoding=\"async\" class=\"emoji\" role=\"img\" draggable=\"false\" src=\"https:\/\/s.w.org\/images\/core\/emoji\/17.0.2\/svg\/1f938-200d-2640-fe0f.svg\" alt=\"\ud83e\udd38\u200d\u2640\ufe0f\" \/> Mi\u0219carea sigur\u0103 \u00een sarcin\u0103<\/strong><\/p><p><img decoding=\"async\" class=\"emoji\" role=\"img\" draggable=\"false\" src=\"https:\/\/s.w.org\/images\/core\/emoji\/17.0.2\/svg\/1f3a4.svg\" alt=\"\ud83c\udfa4\" \/> <strong>Alina Baraba\u0219,<\/strong><br \/><em>Fiziokinetoterapeut, Spitalul Clinic de Obstetric\u0103 \u0219i Ginecologie \u201cProf. Dr. Panait S\u00eerbu\u201d<\/em><\/p><p style=\"font-size: 24px;\"><strong><img decoding=\"async\" class=\"emoji\" role=\"img\" draggable=\"false\" src=\"https:\/\/s.w.org\/images\/core\/emoji\/17.0.2\/svg\/1f469-200d-1f37c.svg\" alt=\"\ud83d\udc69\u200d\ud83c\udf7c\" \/> Al\u0103ptarea<\/strong><\/p><p><strong><img decoding=\"async\" class=\"emoji\" role=\"img\" draggable=\"false\" src=\"https:\/\/s.w.org\/images\/core\/emoji\/17.0.2\/svg\/1f3a4.svg\" alt=\"\ud83c\udfa4\" \/>Asistent medical \u0219ef Daniela Stan,\u00a0<\/strong><br \/><em>Moa\u0219\u0103 licen\u021biat\u0103, consultant al\u0103ptare, Spitalul Clinic de Obstetric\u0103 \u0219i Ginecologie \u201cProf. Dr. Panait S\u00eerbu\u201d<\/em><\/p><p style=\"font-size: 24px;\"><strong><img decoding=\"async\" class=\"emoji\" role=\"img\" draggable=\"false\" src=\"https:\/\/s.w.org\/images\/core\/emoji\/17.0.2\/svg\/1f476.svg\" alt=\"\ud83d\udc76\" \/> \u00a0\u00cengrijirea nou\u2011n\u0103scutului<\/strong><\/p><p><strong><img decoding=\"async\" class=\"emoji\" role=\"img\" draggable=\"false\" src=\"https:\/\/s.w.org\/images\/core\/emoji\/17.0.2\/svg\/1f3a4.svg\" alt=\"\ud83c\udfa4\" \/> Dr. Andreea Avramescu,<\/strong><br \/><em>Medic specialist Neonatologie, Spitalul Clinic de Obstetric\u0103 \u0219i Ginecologie \u201cFilantropia\u201d<\/em><\/p><p style=\"font-size: 24px;\"><strong><img decoding=\"async\" class=\"emoji\" role=\"img\" draggable=\"false\" src=\"https:\/\/s.w.org\/images\/core\/emoji\/17.0.2\/svg\/2764.svg\" alt=\"\u2764\ufe0f\" \/> Suportul emo\u021bional \u00een perioada pre \u0219i postnatal\u0103<\/strong><\/p><p><strong><img decoding=\"async\" class=\"emoji\" role=\"img\" draggable=\"false\" src=\"https:\/\/s.w.org\/images\/core\/emoji\/17.0.2\/svg\/1f3a4.svg\" alt=\"\ud83c\udfa4\" \/>\u00a0Dr. Diana-Antonia Iord\u0103chescu,<\/strong><br \/><em>Psiholog clinician, Spitalul Clinic de Obstetric\u0103 \u0219i Ginecologie \u201cFilantropia\u201d<\/em><\/p><p>Prin participarea la curs se va elibera\u00a0<strong>gratuit Atestatul de Puericultur\u0103<\/strong>, \u00een conformitate cu Legea concediului paternal nr. 210\/1999, aprobat\u0103 prin H.G. nr. 244\/2000, cu complet\u0103rile ulterioare din OUG 117\/2022.<\/p><p><strong><em><img decoding=\"async\" class=\"emoji\" role=\"img\" draggable=\"false\" src=\"https:\/\/s.w.org\/images\/core\/emoji\/17.0.2\/svg\/1f4dd.svg\" alt=\"\ud83d\udcdd\" \/><\/em><\/strong>Sesiune interactiv\u0103 de\u00a0<strong><em>\u00centreb\u0103ri \u0219i R\u0103spunsuri.<\/em><\/strong><\/p><p>Evenimentul este organizat de <strong>Next Step Investments<\/strong> in parteneriat cu <a style=\"color: blue;\" href=\"https:\/\/assmb.ro\/\" target=\"_blank\" rel=\"noopener\">Administra\u021bia Spitalelor \u0219i Serviciilor Medicale Bucure\u0219ti (ASSMB)<\/a> institu\u021bie aflat\u0103 \u00een subordinea Prim\u0103riei Municipiului Bucure\u0219ti.<\/p><p><strong>Rezerv\u0103-\u021bi locul acum \u0219i \u00eenscrie-te la eveniment.\ud83d\udc47<br \/>Locurile sunt limitate!<\/strong><\/p><p><b><span lang=\"EN-GB\">Prelucr\u0103m datele dumneavoastr\u0103 personale din formularul de mai jos \u00een vederea \u00eenscrierii \u0219i confirm\u0103rii c\u0103tre dumneavoastr\u0103 a particip\u0103rii la\u00a0cursul de puericultur\u0103.<\/span><\/b><\/p>\t\t\t\t\t\t\t\t<\/div>\n\t\t\t\t<\/div>\n\t\t\t\t\t<\/div>\n\t\t\t\t<\/div>\n\t\t<div class=\"elementor-element elementor-element-e8a9c27 e-flex e-con-boxed e-con e-parent\" data-id=\"e8a9c27\" data-element_type=\"container\" data-e-type=\"container\">\n\t\t\t\t\t<div class=\"e-con-inner\">\n\t\t\t\t<div class=\"elementor-element elementor-element-464e9f4 elementor-widget elementor-widget-shortcode\" data-id=\"464e9f4\" data-element_type=\"widget\" data-e-type=\"widget\" data-widget_type=\"shortcode.default\">\n\t\t\t\t<div class=\"elementor-widget-container\">\n\t\t\t\t\t\t\t<div class=\"elementor-shortcode\">\t\t\t\t<div class=\"forminator-custom-form\">\n\t\t\t\t\t\t\t\t\t\t\t<label class=\"forminator-label--info\"><span>Oops! Perioada de completare a formularului a expirat.<\/span><\/label>\n\t\t\t\t\t\t\t\t\t<\/div>\n\t\t\t\t<\/div>\n\t\t\t\t\t\t<\/div>\n\t\t\t\t<\/div>\n\t\t\t\t\t<\/div>\n\t\t\t\t<\/div>\n\t\t\t\t<\/div>\n\t\t","protected":false},"excerpt":{"rendered":"<p>Workshop prenatal &amp; postnatal Curs de puericultur\u0103 cu ATESTAT pentru t\u0103tici \u200b Joi, 29 Ianuarie, 2026\u00a0 17:30Durata cursului: 4h Biblioteca Na\u021bional\u0103 a Rom\u00e2niei, Sala EliadeBulevardul Unirii nr. 22, Sector 3, Bucure\u0219ti ACCES GRATUIT \u00een limita locurilor disponibile.Parcare gratuit\u0103 la sediul bibliotecii (acces din Bulevardul Mircea Vod\u0103) \u00cen cadrul acestui curs,\u00a0vor fi abordate\u00a0urm\u0103toarele subiecte esen\u021biale: Sarcina [&hellip;]<\/p>\n","protected":false},"author":1,"featured_media":0,"parent":0,"menu_order":0,"comment_status":"closed","ping_status":"closed","template":"","meta":{"give_campaign_id":0,"inline_featured_image":false,"footnotes":""},"class_list":["post-4131","page","type-page","status-publish","hentry"],"campaignId":"","_links":{"self":[{"href":"https:\/\/nextstep.ro\/ro\/wp-json\/wp\/v2\/pages\/4131","targetHints":{"allow":["GET"]}}],"collection":[{"href":"https:\/\/nextstep.ro\/ro\/wp-json\/wp\/v2\/pages"}],"about":[{"href":"https:\/\/nextstep.ro\/ro\/wp-json\/wp\/v2\/types\/page"}],"author":[{"embeddable":true,"href":"https:\/\/nextstep.ro\/ro\/wp-json\/wp\/v2\/users\/1"}],"replies":[{"embeddable":true,"href":"https:\/\/nextstep.ro\/ro\/wp-json\/wp\/v2\/comments?post=4131"}],"version-history":[{"count":69,"href":"https:\/\/nextstep.ro\/ro\/wp-json\/wp\/v2\/pages\/4131\/revisions"}],"predecessor-version":[{"id":4338,"href":"https:\/\/nextstep.ro\/ro\/wp-json\/wp\/v2\/pages\/4131\/revisions\/4338"}],"wp:attachment":[{"href":"https:\/\/nextstep.ro\/ro\/wp-json\/wp\/v2\/media?parent=4131"}],"curies":[{"name":"wp","href":"https:\/\/api.w.org\/{rel}","templated":true}]}}