{"id":4158,"date":"2026-01-21T09:36:44","date_gmt":"2026-01-21T07:36:44","guid":{"rendered":"https:\/\/nextstep.ro\/eveniment-iasi-noirmbrie-2025\/"},"modified":"2026-01-21T10:12:36","modified_gmt":"2026-01-21T08:12:36","slug":"eveniment-iasi-noirmbrie-2025","status":"publish","type":"page","link":"https:\/\/nextstep.ro\/ro\/eveniment-iasi-noirmbrie-2025\/","title":{"rendered":"Eveniment Iasi Noiembrie 2025"},"content":{"rendered":"\t\t<div data-elementor-type=\"wp-page\" data-elementor-id=\"4158\" class=\"elementor elementor-4158 elementor-4145\" data-elementor-post-type=\"page\">\n\t\t\t\t<div class=\"elementor-element elementor-element-350292d e-flex e-con-boxed e-con e-parent\" data-id=\"350292d\" data-element_type=\"container\" data-e-type=\"container\">\n\t\t\t\t\t<div class=\"e-con-inner\">\n\t\t<div class=\"elementor-element elementor-element-5f8dfc1 e-con-full e-flex e-con e-child\" data-id=\"5f8dfc1\" data-element_type=\"container\" data-e-type=\"container\">\n\t\t\t\t<div class=\"elementor-element elementor-element-01b3230 elementor-widget elementor-widget-image\" data-id=\"01b3230\" data-element_type=\"widget\" data-e-type=\"widget\" data-widget_type=\"image.default\">\n\t\t\t\t<div class=\"elementor-widget-container\">\n\t\t\t\t\t\t\t\t\t\t\t\t\t\t\t<img decoding=\"async\" src=\"https:\/\/nextstep.ro\/wp-content\/uploads\/2026\/01\/banner_gomag_eveniment-21-noiembrie-2025_2.png\" title=\"banner_gomag_eveniment-21-noiembrie-2025_2\" alt=\"banner_gomag_eveniment-21-noiembrie-2025_2\" loading=\"lazy\" \/>\t\t\t\t\t\t\t\t\t\t\t\t\t\t\t<\/div>\n\t\t\t\t<\/div>\n\t\t\t\t<\/div>\n\t\t\t\t\t<\/div>\n\t\t\t\t<\/div>\n\t\t<div class=\"elementor-element elementor-element-d481f88 e-flex e-con-boxed e-con e-parent\" data-id=\"d481f88\" data-element_type=\"container\" data-e-type=\"container\">\n\t\t\t\t\t<div class=\"e-con-inner\">\n\t\t\t\t<div class=\"elementor-element elementor-element-95340f5 elementor-widget elementor-widget-heading\" data-id=\"95340f5\" data-element_type=\"widget\" data-e-type=\"widget\" data-widget_type=\"heading.default\">\n\t\t\t\t<div class=\"elementor-widget-container\">\n\t\t\t\t\t<h2 class=\"elementor-heading-title elementor-size-default\"> <strong>Workshop prenatal &amp; postnatal<br>Curs de puericultur\u0103 cu ATESTAT pentru t\u0103tici <\/strong><\/h2>\t\t\t\t<\/div>\n\t\t\t\t<\/div>\n\t\t\t\t\t<\/div>\n\t\t\t\t<\/div>\n\t\t<div class=\"elementor-element elementor-element-7fe953b e-flex e-con-boxed e-con e-parent\" data-id=\"7fe953b\" data-element_type=\"container\" data-e-type=\"container\">\n\t\t\t\t\t<div class=\"e-con-inner\">\n\t\t\t\t<div class=\"elementor-element elementor-element-44d12a9 elementor-widget elementor-widget-text-editor\" data-id=\"44d12a9\" data-element_type=\"widget\" data-e-type=\"widget\" data-widget_type=\"text-editor.default\">\n\t\t\t\t<div class=\"elementor-widget-container\">\n\t\t\t\t\t\t\t\t\t<p>\ud83d\udcc5<strong>21 Noiembrie 2025<\/strong><br \/>\ud83d\udd60<strong>ora 17:30<\/strong><br \/>Timp curs: 2h<br \/>\ud83d\udccd<strong>Hotel Arnia,\u00a0<\/strong><br \/><a style=\"color: blue;\" tabindex=\"0\" href=\"https:\/\/www.google.com\/maps\/place\/\/data=!4m2!3m1!1s0x40cafb6689d81007:0x846caadeb0020ac8?sa=X&amp;ved=1t:8290&amp;ictx=111\" target=\"_blank\" rel=\"noopener\" data-url=\"\/maps\/place\/\/data=!4m2!3m1!1s0x40cafb6689d81007:0x846caadeb0020ac8?sa=X&amp;ved=2ahUKEwjyo-LKhdiQAxXwgv0HHaoaAX0Q4kB6BAgIEAA\"><span dir=\"auto\">Billa-Gar\u0103, \u015eoseaua Arcu, nr. 26, Ia\u0219i, Romania<\/span><\/a><br \/><em><strong>ACCEST GRATUIT \u00een limita locurilor disponibile (25 de locuri disponibile).<\/strong><\/em><\/p><p>Vei afla tot ce ai nevoie despre<br \/>\ud83e\udd30<strong>sarcin\u0103;<\/strong><br \/>\ud83d\udc69\u200d\ud83c\udf7c<strong>na\u0219tere;<\/strong><br \/>\ud83d\udc76<strong>despre \u00eengrijirea nou-n\u0103scutului;<\/strong><br \/>\ud83d\udc69\u200d\ud83c\udf7c<strong>al\u0103ptare.<\/strong><\/p><p>Prin participarea la curs se va elibera\u00a0<strong>gratuit Atestatul de Puericultur\u0103<\/strong>, \u00een conformitate cu Legea concediului paternal nr. 210\/1999, aprobat\u0103 prin H.G. nr. 244\/2000, cu complet\u0103rile ulterioare din OUG 117\/2022.<\/p><p><strong>Fiecare participant va primi:<\/strong><br \/>\ud83c\udf81Ghid de nutri\u021bie pentru m\u0103mici<br \/>\ud83c\udf81Manual de prim ajutor pentru sugari \u0219i copii<\/p><p><strong>Speakeri:<\/strong><br \/><strong>\ud83c\udfa4\u0218ef lucr\u0103ri Dr. Matasariu Roxana<\/strong><br \/><em>Medic primar obstetric\u0103-ginecologie<\/em><\/p><p><strong>\ud83c\udfa4Dr. Axinte Demetra<\/strong><br \/><em>Medic Primar Pediatrie, Specialist Neonatologie<\/em><\/p><p><strong>\ud83c\udfa4Popa Catrinel<\/strong><br \/><em>Consultant in al\u0103ptare IBCLC, LCCE, educator prenatal Lamaze<\/em><\/p><p><strong>\ud83c\udfa4Acasandrei Mihaela<\/strong><br \/>\u00a0<em>Nutri\u021bionist Dietetician Autorizat<\/em><\/p><p><span dir=\"auto\"><strong><em>\ud83d\udcdd<\/em><\/strong>\u00a0Interactive\u00a0<strong><em>Q&amp;A session.<\/em><\/strong>\u00a0<\/span><\/p><p><span dir=\"auto\">The event is organized by\u00a0<strong>Next Step Investments<\/strong>\u00a0in partnership with\u00a0<strong><a style=\"color: blue;\" href=\"https:\/\/nextstep.ro\/ro\/asociatie\/\">Asocia\u021bia Next Step pentru Comunitate<\/a><\/strong><strong>\u00a0.\u00a0<\/strong><\/span><\/p><p><strong>Rezerv\u0103-\u021bi locul acum \u0219i \u00eenscrie-te la eveniment.\ud83d\udc47<br \/>Locurile sunt limitate!<\/strong><em><strong>\u00a0Doar 25 de locuri disponibile!<\/strong><\/em><\/p><p><br \/><span lang=\"EN-GB\">Prelucr\u0103m datele dumneavoastr\u0103 personale din formularul de mai jos \u00een vederea \u00eenscrierii \u0219i confirm\u0103rii c\u0103tre dumneavoastr\u0103 a particip\u0103rii la\u00a0cursul de puericultur\u0103.<\/span><\/p><p>\u00a0<\/p>\t\t\t\t\t\t\t\t<\/div>\n\t\t\t\t<\/div>\n\t\t\t\t\t<\/div>\n\t\t\t\t<\/div>\n\t\t\t\t<\/div>\n\t\t","protected":false},"excerpt":{"rendered":"<p>Workshop prenatal &amp; postnatalCurs de puericultur\u0103 cu ATESTAT pentru t\u0103tici &#x1f4c5;21 Noiembrie 2025&#x1f560;ora 17:30Timp curs: 2h&#x1f4cd;Hotel Arnia,\u00a0Billa-Gar\u0103, \u015eoseaua Arcu, nr. 26, Ia\u0219i, RomaniaACCEST GRATUIT \u00een limita locurilor disponibile (25 de locuri disponibile). Vei afla tot ce ai nevoie despre&#x1f930;sarcin\u0103;&#x1f469;&#x200d;&#x1f37c;na\u0219tere;&#x1f476;despre \u00eengrijirea nou-n\u0103scutului;&#x1f469;&#x200d;&#x1f37c;al\u0103ptare. Prin participarea la curs se va elibera\u00a0gratuit Atestatul de Puericultur\u0103, \u00een conformitate cu Legea [&hellip;]<\/p>\n","protected":false},"author":1,"featured_media":0,"parent":0,"menu_order":0,"comment_status":"closed","ping_status":"closed","template":"","meta":{"give_campaign_id":0,"inline_featured_image":false,"footnotes":""},"class_list":["post-4158","page","type-page","status-publish","hentry"],"campaignId":"","_links":{"self":[{"href":"https:\/\/nextstep.ro\/ro\/wp-json\/wp\/v2\/pages\/4158","targetHints":{"allow":["GET"]}}],"collection":[{"href":"https:\/\/nextstep.ro\/ro\/wp-json\/wp\/v2\/pages"}],"about":[{"href":"https:\/\/nextstep.ro\/ro\/wp-json\/wp\/v2\/types\/page"}],"author":[{"embeddable":true,"href":"https:\/\/nextstep.ro\/ro\/wp-json\/wp\/v2\/users\/1"}],"replies":[{"embeddable":true,"href":"https:\/\/nextstep.ro\/ro\/wp-json\/wp\/v2\/comments?post=4158"}],"version-history":[{"count":7,"href":"https:\/\/nextstep.ro\/ro\/wp-json\/wp\/v2\/pages\/4158\/revisions"}],"predecessor-version":[{"id":4170,"href":"https:\/\/nextstep.ro\/ro\/wp-json\/wp\/v2\/pages\/4158\/revisions\/4170"}],"wp:attachment":[{"href":"https:\/\/nextstep.ro\/ro\/wp-json\/wp\/v2\/media?parent=4158"}],"curies":[{"name":"wp","href":"https:\/\/api.w.org\/{rel}","templated":true}]}}