{"id":4174,"date":"2026-01-21T10:06:51","date_gmt":"2026-01-21T08:06:51","guid":{"rendered":"https:\/\/nextstep.ro\/eveniment-cluj-decembrie-2025\/"},"modified":"2026-01-21T10:22:14","modified_gmt":"2026-01-21T08:22:14","slug":"eveniment-cluj-decembrie-2025","status":"publish","type":"page","link":"https:\/\/nextstep.ro\/ro\/eveniment-cluj-decembrie-2025\/","title":{"rendered":"Eveniment Cluj Decembrie 2025"},"content":{"rendered":"\t\t<div data-elementor-type=\"wp-page\" data-elementor-id=\"4174\" class=\"elementor elementor-4174 elementor-4160\" data-elementor-post-type=\"page\">\n\t\t\t\t<div class=\"elementor-element elementor-element-9b842ed e-flex e-con-boxed e-con e-parent\" data-id=\"9b842ed\" data-element_type=\"container\" data-e-type=\"container\">\n\t\t\t\t\t<div class=\"e-con-inner\">\n\t\t\t\t<div class=\"elementor-element elementor-element-4dfaf82 elementor-widget elementor-widget-image\" data-id=\"4dfaf82\" data-element_type=\"widget\" data-e-type=\"widget\" data-widget_type=\"image.default\">\n\t\t\t\t<div class=\"elementor-widget-container\">\n\t\t\t\t\t\t\t\t\t\t\t\t\t\t\t<img decoding=\"async\" src=\"https:\/\/nextstep.ro\/wp-content\/uploads\/elementor\/thumbs\/banner_gomag_eveniment-Cluj-1920x680px-rhz1m6v2xbc9t7fp9e0nak8ub0bhb4l8ui3fe6g80g.png\" title=\"banner_gomag_eveniment-Cluj-1920x680px\" alt=\"banner_gomag_eveniment-Cluj-1920x680px\" loading=\"lazy\" \/>\t\t\t\t\t\t\t\t\t\t\t\t\t\t\t<\/div>\n\t\t\t\t<\/div>\n\t\t\t\t\t<\/div>\n\t\t\t\t<\/div>\n\t\t<div class=\"elementor-element elementor-element-156df2c e-flex e-con-boxed e-con e-parent\" data-id=\"156df2c\" data-element_type=\"container\" data-e-type=\"container\">\n\t\t\t\t\t<div class=\"e-con-inner\">\n\t\t\t\t<div class=\"elementor-element elementor-element-f82b6a3 elementor-widget elementor-widget-heading\" data-id=\"f82b6a3\" data-element_type=\"widget\" data-e-type=\"widget\" data-widget_type=\"heading.default\">\n\t\t\t\t<div class=\"elementor-widget-container\">\n\t\t\t\t\t<h2 class=\"elementor-heading-title elementor-size-default\"><strong>S\u0103n\u0103tatea copilului, <br><\/strong>\nparteneriat \u00eentre p\u0103rinte \u0219i specialist<\/h2>\t\t\t\t<\/div>\n\t\t\t\t<\/div>\n\t\t\t\t\t<\/div>\n\t\t\t\t<\/div>\n\t\t<div class=\"elementor-element elementor-element-7b8c420 e-flex e-con-boxed e-con e-parent\" data-id=\"7b8c420\" data-element_type=\"container\" data-e-type=\"container\">\n\t\t\t\t\t<div class=\"e-con-inner\">\n\t\t\t\t<div class=\"elementor-element elementor-element-5c0b89a elementor-widget elementor-widget-text-editor\" data-id=\"5c0b89a\" data-element_type=\"widget\" data-e-type=\"widget\" data-widget_type=\"text-editor.default\">\n\t\t\t\t<div class=\"elementor-widget-container\">\n\t\t\t\t\t\t\t\t\t<p>\ud83d\udcc5<strong>16 Decembrie 2025<\/strong><br \/>\ud83d\udd60<strong>ora 13:00<\/strong><br \/>Timp curs: 2h<br \/>\ud83d\udccd<strong>Grand Hotel Italia,<\/strong><br \/><a style=\"color: blue;\" tabindex=\"0\" href=\"https:\/\/www.google.com\/maps\/place\/\/data=!4m2!3m1!1s0x47490dca8d6e3fb3:0xc5070934d476fab6?sa=X&amp;ved=1t:8290&amp;ictx=111\" target=\"_blank\" rel=\"noopener\" data-url=\"\/maps\/place\/\/data=!4m2!3m1!1s0x47490dca8d6e3fb3:0xc5070934d476fab6?sa=X&amp;ved=2ahUKEwj46drx9JSRAxUR1AIHHTlAH9wQ4kB6BAgIEAA\"><span dir=\"auto\">Str. Vasile Conta 2, Cluj-Napoca 400478<\/span><\/a><\/p><p><em><strong>ACCEST GRATUIT <\/strong>\u00een limita locurilor disponibile.<\/em><br \/>\u00a0<\/p><p data-path-to-node=\"3\">\u00cen cadrul acestui curs,\u00a0<b>se va discuta despre<\/b>\u00a0urm\u0103toarele subiecte esen\u021biale:<\/p><h3 data-path-to-node=\"4\"><span dir=\"auto\">\ud83e\udde0<\/span>Dezvoltare \u0219i Comunicare<\/h3><p data-path-to-node=\"5,0,0\"><b>C\u00e2nd pa\u0219ii \u00eent\u00e2rzie, cuvintele se las\u0103 a\u0219teptate \u0219i apar \u00eentreb\u0103ri<\/b><br \/><i>Prezentat de:<\/i>\u00a0<strong>Dr. Paula Haba<\/strong>,\u00a0<em>Medic neurolog pediatru<\/em><\/p><p data-path-to-node=\"5,0,0\">\u00a0<\/p><h3 data-path-to-node=\"6\"><span dir=\"auto\">\ud83d\udcaa<\/span>Provoc\u0103ri \u0219i Echilibru Emo\u021bional<\/h3><p data-path-to-node=\"7,0,0\"><b>Marile provoc\u0103ri ale celor mici\u00a0<br \/>(Gestionarea emo\u021biilor, frica, tantrumurile \u0219i adaptarea la schimb\u0103ri)<\/b><br \/><i>Prezentat de:<\/i>\u00a0<strong>Dr. Vlad Cosmina<\/strong>,\u00a0<em>Medic pediatru<\/em><\/p><p data-path-to-node=\"7,0,0\">\u00a0<\/p><h3 data-path-to-node=\"8\"><span dir=\"auto\">\ud83e\uddb7<\/span>S\u0103n\u0103tate Oral\u0103<\/h3><p data-path-to-node=\"9,0,0\"><b>Primii pa\u0219i c\u0103tre o dantur\u0103 s\u0103n\u0103toas\u0103\u00a0<br \/>(Sfaturi practice despre igien\u0103, erup\u021bia din\u021bilor \u0219i prevenirea problemelor dentare)<\/b><br \/><i>Prezentat de:<\/i>\u00a0<strong>Dr. Apostoaie Ioana<\/strong>,\u00a0<em>stomatolog pediatru (pedodont)<\/em><\/p><p data-path-to-node=\"9,0,0\">\u00a0<\/p><h3 data-path-to-node=\"10\"><span dir=\"auto\">\ud83c\udfc3\u200d\u2640\ufe0f<\/span>Kineto \u0219i Mi\u0219care<\/h3><p data-path-to-node=\"11,0,0\"><b>Sfaturile unei dezvolt\u0103ri armonioase prin kineto \u0219i mi\u0219care<\/b>\u00a0<br \/><strong>(Importan\u021ba exerci\u021biilor fizice, etapele motorii \u0219i corectarea posturii)<\/strong><br \/><i>Prezentat de:<\/i>\u00a0<strong>Cr\u0103ciun Diana<\/strong>,\u00a0<em>kinetoterapeut<\/em><\/p><p><span dir=\"auto\">\ud83c\udf81\u00a0\u00a0<\/span><strong>Tombol\u0103<\/strong>\u00a0cu premii<\/p><p><strong>Speakeri:<\/strong><br \/><strong><span dir=\"auto\">\ud83c\udfa4Dr. Vlad Cosmina<\/span><\/strong><span dir=\"auto\">\u00a0,\u00a0\u00a0<\/span><em>Medic pediatru<\/em><br \/><strong><span dir=\"auto\">\ud83c\udfa4Dr. Paula Haba<\/span><\/strong><span dir=\"auto\">\u00a0,\u00a0\u00a0<\/span><em>Medic neurolog pediatru<\/em><br \/><strong><span dir=\"auto\">\ud83c\udfa4Dr. Apostoaie Ioana<\/span><\/strong><span dir=\"auto\">\u00a0,\u00a0\u00a0<\/span><em><span dir=\"auto\">Stomatolog pediatru (pedodont)<\/span><\/em><br \/><strong><span dir=\"auto\">\ud83c\udfa4Cr\u0103ciun Diana<\/span><\/strong><span dir=\"auto\">\u00a0,\u00a0\u00a0<\/span><em>kinetoterapeut<\/em><\/p><p><strong><em><span dir=\"auto\">\ud83d\udcdd<\/span><\/em><\/strong>Sesiune interactiv\u0103 de\u00a0<strong><em>\u00centreb\u0103ri \u0219i R\u0103spunsuri.<\/em><\/strong><\/p><p><span dir=\"auto\">Evenimentul este organizat de c\u0103tre\u00a0<strong>Next Step Investments<\/strong>\u00a0\u00een parteneriat cu <\/span><strong><a style=\"color: blue;\" href=\"https:\/\/nextstep.ro\/ro\/asociatie\/\" target=\"_blank\" rel=\"noopener\"> <span dir=\"auto\">Asocia\u021bia Next Step pentru Comunitate<\/span><\/a><span dir=\"auto\">\u00a0.<\/span><\/strong><\/p><p><strong>Rezerv\u0103-\u021bi locul acum \u0219i \u00eenscrie-te la eveniment.\ud83d\udc47<br \/>Locurile sunt limitate!<\/strong><br \/><b>Prelucr\u0103m datele dumneavoastr\u0103 personale din formularul de mai jos \u00een vederea \u00eenscrierii \u0219i confirm\u0103rii c\u0103tre dumneavoastr\u0103 a particip\u0103rii la\u00a0cursul \u201dS\u0103n\u0103tatea copilului (0-6 ani), parteneriat \u00eentre p\u0103rinte \u0219i specialist\u201d .<\/b><\/p>\t\t\t\t\t\t\t\t<\/div>\n\t\t\t\t<\/div>\n\t\t\t\t\t<\/div>\n\t\t\t\t<\/div>\n\t\t\t\t<\/div>\n\t\t","protected":false},"excerpt":{"rendered":"<p>S\u0103n\u0103tatea copilului, parteneriat \u00eentre p\u0103rinte \u0219i specialist &#x1f4c5;16 Decembrie 2025&#x1f560;ora 13:00Timp curs: 2h&#x1f4cd;Grand Hotel Italia,Str. Vasile Conta 2, Cluj-Napoca 400478 ACCEST GRATUIT \u00een limita locurilor disponibile.\u00a0 \u00cen cadrul acestui curs,\u00a0se va discuta despre\u00a0urm\u0103toarele subiecte esen\u021biale: &#x1f9e0;Dezvoltare \u0219i Comunicare C\u00e2nd pa\u0219ii \u00eent\u00e2rzie, cuvintele se las\u0103 a\u0219teptate \u0219i apar \u00eentreb\u0103riPrezentat de:\u00a0Dr. Paula Haba,\u00a0Medic neurolog pediatru \u00a0 &#x1f4aa;Provoc\u0103ri [&hellip;]<\/p>\n","protected":false},"author":1,"featured_media":0,"parent":0,"menu_order":0,"comment_status":"closed","ping_status":"closed","template":"","meta":{"give_campaign_id":0,"inline_featured_image":false,"footnotes":""},"class_list":["post-4174","page","type-page","status-publish","hentry"],"campaignId":"","_links":{"self":[{"href":"https:\/\/nextstep.ro\/ro\/wp-json\/wp\/v2\/pages\/4174","targetHints":{"allow":["GET"]}}],"collection":[{"href":"https:\/\/nextstep.ro\/ro\/wp-json\/wp\/v2\/pages"}],"about":[{"href":"https:\/\/nextstep.ro\/ro\/wp-json\/wp\/v2\/types\/page"}],"author":[{"embeddable":true,"href":"https:\/\/nextstep.ro\/ro\/wp-json\/wp\/v2\/users\/1"}],"replies":[{"embeddable":true,"href":"https:\/\/nextstep.ro\/ro\/wp-json\/wp\/v2\/comments?post=4174"}],"version-history":[{"count":4,"href":"https:\/\/nextstep.ro\/ro\/wp-json\/wp\/v2\/pages\/4174\/revisions"}],"predecessor-version":[{"id":4178,"href":"https:\/\/nextstep.ro\/ro\/wp-json\/wp\/v2\/pages\/4174\/revisions\/4178"}],"wp:attachment":[{"href":"https:\/\/nextstep.ro\/ro\/wp-json\/wp\/v2\/media?parent=4174"}],"curies":[{"name":"wp","href":"https:\/\/api.w.org\/{rel}","templated":true}]}}