{"id":4386,"date":"2026-02-10T17:07:57","date_gmt":"2026-02-10T15:07:57","guid":{"rendered":"https:\/\/nextstep.ro\/parinti-pregatiti-bebelusi-in-siguranta\/"},"modified":"2026-02-10T17:32:11","modified_gmt":"2026-02-10T15:32:11","slug":"parinti-pregatiti-bebelusi-in-siguranta","status":"publish","type":"page","link":"https:\/\/nextstep.ro\/ro\/parinti-pregatiti-bebelusi-in-siguranta\/","title":{"rendered":"P\u0103rin\u021bi preg\u0103ti\u021bi, bebelu\u0219i \u00een siguran\u021b\u0103"},"content":{"rendered":"\t\t<div data-elementor-type=\"wp-page\" data-elementor-id=\"4386\" class=\"elementor elementor-4386 elementor-4374\" data-elementor-post-type=\"page\">\n\t\t\t\t<div class=\"elementor-element elementor-element-e04e92e e-flex e-con-boxed e-con e-parent\" data-id=\"e04e92e\" data-element_type=\"container\" data-e-type=\"container\">\n\t\t\t\t\t<div class=\"e-con-inner\">\n\t\t\t\t<div class=\"elementor-element elementor-element-6e7f2c0 elementor-widget elementor-widget-image\" data-id=\"6e7f2c0\" data-element_type=\"widget\" data-e-type=\"widget\" data-widget_type=\"image.default\">\n\t\t\t\t<div class=\"elementor-widget-container\">\n\t\t\t\t\t\t\t\t\t\t\t\t\t\t\t<img fetchpriority=\"high\" decoding=\"async\" width=\"768\" height=\"432\" src=\"https:\/\/nextstep.ro\/wp-content\/uploads\/2026\/02\/WhatsApp-Image-2026-02-10-at-15.17.17-768x432.jpeg\" class=\"attachment-medium_large size-medium_large wp-image-4370\" alt=\"\" srcset=\"https:\/\/nextstep.ro\/wp-content\/uploads\/2026\/02\/WhatsApp-Image-2026-02-10-at-15.17.17-768x432.jpeg 768w, https:\/\/nextstep.ro\/wp-content\/uploads\/2026\/02\/WhatsApp-Image-2026-02-10-at-15.17.17-300x169.jpeg 300w, https:\/\/nextstep.ro\/wp-content\/uploads\/2026\/02\/WhatsApp-Image-2026-02-10-at-15.17.17-1024x576.jpeg 1024w, https:\/\/nextstep.ro\/wp-content\/uploads\/2026\/02\/WhatsApp-Image-2026-02-10-at-15.17.17-1536x864.jpeg 1536w, https:\/\/nextstep.ro\/wp-content\/uploads\/2026\/02\/WhatsApp-Image-2026-02-10-at-15.17.17.jpeg 1600w\" sizes=\"(max-width: 768px) 100vw, 768px\" \/>\t\t\t\t\t\t\t\t\t\t\t\t\t\t\t<\/div>\n\t\t\t\t<\/div>\n\t\t\t\t\t<\/div>\n\t\t\t\t<\/div>\n\t\t<div class=\"elementor-element elementor-element-5695a22 e-flex e-con-boxed e-con e-parent\" data-id=\"5695a22\" data-element_type=\"container\" data-e-type=\"container\">\n\t\t\t\t\t<div class=\"e-con-inner\">\n\t\t\t\t<div class=\"elementor-element elementor-element-0fb4c14 elementor-widget elementor-widget-heading\" data-id=\"0fb4c14\" data-element_type=\"widget\" data-e-type=\"widget\" data-widget_type=\"heading.default\">\n\t\t\t\t<div class=\"elementor-widget-container\">\n\t\t\t\t\t<h2 class=\"elementor-heading-title elementor-size-default\">P\u0103rin\u021bi preg\u0103ti\u021bi, bebelu\u0219i \u00een siguran\u021b\u0103<\/h2>\t\t\t\t<\/div>\n\t\t\t\t<\/div>\n\t\t\t\t\t<\/div>\n\t\t\t\t<\/div>\n\t\t<div class=\"elementor-element elementor-element-553b16c e-flex e-con-boxed e-con e-parent\" data-id=\"553b16c\" data-element_type=\"container\" data-e-type=\"container\">\n\t\t\t\t\t<div class=\"e-con-inner\">\n\t\t\t\t<div class=\"elementor-element elementor-element-e798c1b elementor-widget elementor-widget-text-editor\" data-id=\"e798c1b\" data-element_type=\"widget\" data-e-type=\"widget\" data-widget_type=\"text-editor.default\">\n\t\t\t\t<div class=\"elementor-widget-container\">\n\t\t\t\t\t\t\t\t\t<p data-start=\"168\" data-end=\"245\"><span style=\"color: #000000;\">\ud83d\udcc5 <strong data-start=\"171\" data-end=\"192\">19 februarie 2026<\/strong><\/span><br data-start=\"192\" data-end=\"195\" \/><span style=\"color: #000000;\">\u23f0 <strong data-start=\"197\" data-end=\"210\">Ora 17:00<\/strong><\/span><br data-start=\"210\" data-end=\"213\" \/><span style=\"color: #000000;\">\u23f3 <strong data-start=\"215\" data-end=\"239\">Durata workshopului:<\/strong> 2 ore<\/span><\/p><p data-start=\"247\" data-end=\"341\"><span style=\"color: #000000;\">\ud83d\udccd <strong data-start=\"250\" data-end=\"266\">Sediul ASSMB<\/strong><\/span><br data-start=\"266\" data-end=\"269\" \/><span style=\"color: #3366ff;\"><a style=\"color: #3366ff;\" href=\"https:\/\/share.google\/1W5MHKlz59jnhUPHd\" target=\"_blank\" rel=\"noopener\">Bd. Dimitrie Cantemir nr. 1, bl. B2, Parter, Sala Amfiteatru<\/a><\/span><br data-start=\"329\" data-end=\"332\" \/><span style=\"color: #3366ff;\">Bucure\u0219ti<\/span><\/p><p data-start=\"343\" data-end=\"647\"><span style=\"color: #000000;\">Prim\u0103ria Municipiului Bucure\u0219ti, prin <strong data-start=\"381\" data-end=\"451\">Administra\u021bia Spitalelor \u0219i Serviciilor Medicale Bucure\u0219ti (ASSMB)<\/strong>, organizeaz\u0103 un nou workshop din cadrul proiectului educa\u021bional <strong data-start=\"516\" data-end=\"568\">\u201eVreau s\u0103 salvez! Primul ajutor face diferen\u021ba!\u201d<\/strong>, dedicat viitorilor \u0219i proaspe\u021bilor p\u0103rin\u021bi, \u00een parteneriat cu <strong data-start=\"632\" data-end=\"646\">Next Step\u00ae<\/strong>.<\/span><\/p><p data-start=\"649\" data-end=\"975\"><span style=\"color: #000000;\">Evenimentul \u00ee\u0219i propune s\u0103 ofere informa\u021bii esen\u021biale \u0219i demonstra\u021bii practice privind recunoa\u0219terea situa\u021biilor de urgen\u021b\u0103 \u0219i aplicarea corect\u0103 a tehnicilor de prim ajutor la nou-n\u0103scu\u021bi \u0219i sugari, contribuind activ la preven\u021bie \u0219i educa\u021bie pentru s\u0103n\u0103tate. \u00cen momentele critice, <strong data-start=\"930\" data-end=\"974\">interven\u021bia corect\u0103 poate face diferen\u021ba<\/strong>.<\/span><\/p><h4 data-start=\"2661\" data-end=\"2671\"><span style=\"color: #000000;\"><strong>Speaker<\/strong><\/span><\/h4><p data-start=\"2673\" data-end=\"2732\"><span style=\"color: #000000;\"><strong data-start=\"2673\" data-end=\"2690\">Dr. Alin Popa<\/strong><\/span><br data-start=\"2690\" data-end=\"2693\" \/><span style=\"color: #000000;\">Medic primar medicin\u0103 de urgen\u021b\u0103<\/span><\/p><h4 data-start=\"2739\" data-end=\"2763\"><span style=\"color: #000000;\">Acces &amp; \u00eenscriere<\/span><\/h4><p data-start=\"2765\" data-end=\"2946\"><span style=\"color: #000000;\">\u2705 <strong data-start=\"1079\" data-end=\"1096\">Acces GRATUIT<\/strong>, \u00een limita a <strong data-start=\"1110\" data-end=\"1138\">25 de locuri disponibile<\/strong><\/span><br data-start=\"1138\" data-end=\"1141\" \/><span style=\"color: #000000;\">\ud83d\udcdd <strong data-start=\"1220\" data-end=\"1324\">\u00censcrierea se face prin completarea formularului de mai jos. Ve\u021bi fi contactat(\u0103) pentru confirmare.<\/strong> \ud83d\udc47<\/span><\/p>\t\t\t\t\t\t\t\t<\/div>\n\t\t\t\t<\/div>\n\t\t\t\t\t<\/div>\n\t\t\t\t<\/div>\n\t\t<div class=\"elementor-element elementor-element-5d97c40 e-flex e-con-boxed e-con e-parent\" data-id=\"5d97c40\" data-element_type=\"container\" data-e-type=\"container\">\n\t\t\t\t\t<div class=\"e-con-inner\">\n\t\t\t\t<div class=\"elementor-element elementor-element-945285e elementor-widget elementor-widget-shortcode\" data-id=\"945285e\" data-element_type=\"widget\" data-e-type=\"widget\" data-widget_type=\"shortcode.default\">\n\t\t\t\t<div class=\"elementor-widget-container\">\n\t\t\t\t\t\t\t<div class=\"elementor-shortcode\">\t\t\t\t<div class=\"forminator-custom-form\">\n\t\t\t\t\t\t\t\t\t\t\t<label class=\"forminator-label--info\"><span>\u00censcrierile s-au \u00eencheiat \u2013 locurile disponibile au fost ocupate.<\/span><\/label>\n\t\t\t\t\t\t\t\t\t<\/div>\n\t\t\t\t<\/div>\n\t\t\t\t\t\t<\/div>\n\t\t\t\t<\/div>\n\t\t\t\t\t<\/div>\n\t\t\t\t<\/div>\n\t\t\t\t<\/div>\n\t\t","protected":false},"excerpt":{"rendered":"<p>P\u0103rin\u021bi preg\u0103ti\u021bi, bebelu\u0219i \u00een siguran\u021b\u0103 &#x1f4c5; 19 februarie 2026&#x23f0; Ora 17:00&#x23f3; Durata workshopului: 2 ore &#x1f4cd; Sediul ASSMBBd. Dimitrie Cantemir nr. 1, bl. B2, Parter, Sala AmfiteatruBucure\u0219ti Prim\u0103ria Municipiului Bucure\u0219ti, prin Administra\u021bia Spitalelor \u0219i Serviciilor Medicale Bucure\u0219ti (ASSMB), organizeaz\u0103 un nou workshop din cadrul proiectului educa\u021bional \u201eVreau s\u0103 salvez! Primul ajutor face diferen\u021ba!\u201d, dedicat viitorilor [&hellip;]<\/p>\n","protected":false},"author":1,"featured_media":0,"parent":0,"menu_order":0,"comment_status":"closed","ping_status":"closed","template":"","meta":{"give_campaign_id":0,"inline_featured_image":false,"footnotes":""},"class_list":["post-4386","page","type-page","status-publish","hentry"],"campaignId":"","_links":{"self":[{"href":"https:\/\/nextstep.ro\/ro\/wp-json\/wp\/v2\/pages\/4386","targetHints":{"allow":["GET"]}}],"collection":[{"href":"https:\/\/nextstep.ro\/ro\/wp-json\/wp\/v2\/pages"}],"about":[{"href":"https:\/\/nextstep.ro\/ro\/wp-json\/wp\/v2\/types\/page"}],"author":[{"embeddable":true,"href":"https:\/\/nextstep.ro\/ro\/wp-json\/wp\/v2\/users\/1"}],"replies":[{"embeddable":true,"href":"https:\/\/nextstep.ro\/ro\/wp-json\/wp\/v2\/comments?post=4386"}],"version-history":[{"count":14,"href":"https:\/\/nextstep.ro\/ro\/wp-json\/wp\/v2\/pages\/4386\/revisions"}],"predecessor-version":[{"id":4411,"href":"https:\/\/nextstep.ro\/ro\/wp-json\/wp\/v2\/pages\/4386\/revisions\/4411"}],"wp:attachment":[{"href":"https:\/\/nextstep.ro\/ro\/wp-json\/wp\/v2\/media?parent=4386"}],"curies":[{"name":"wp","href":"https:\/\/api.w.org\/{rel}","templated":true}]}}